{"id":1368,"date":"2014-09-24T22:07:18","date_gmt":"2014-09-24T19:07:18","guid":{"rendered":"http:\/\/www.bkgrup.com.tr\/?page_id=1368"},"modified":"2018-08-13T02:09:12","modified_gmt":"2018-08-12T23:09:12","slug":"1368-2","status":"publish","type":"page","link":"https:\/\/www.barutcuoglugrup.com\/index.php\/1368-2\/","title":{"rendered":"Hakk\u0131m\u0131zda"},"content":{"rendered":"<div class=\"ui--title ui--animation ui--title-bordered text-center\"><div class=\"ui--title-holder\"><h1 class=\"ui--title-text\">Hakk\u0131m\u0131zda<\/h1><div class=\"ui--title-borders ui--title-border-left\"><\/div><div class=\"ui--title-borders ui--title-border-right\"><\/div><\/div><\/div><div class=\"auto-format ui--animation\"><p style=\"font-size:18px;\">1987 y\u0131l\u0131nda  U\u011fur Barut ve Dilaver Barut taraf\u0131ndan kurulan firmam\u0131z , ticaret hayat\u0131na in\u015faat yat\u0131r\u0131mlar\u0131 ve m\u00fcteahhitlik hizmetleri ile ba\u015flam\u0131\u015ft\u0131r.<br \/>\n<\/br> Geride kalan 29 sene i\u00e7inde firmam\u0131z i\u015f alanlar\u0131n\u0131 ve i\u015f hacmini geni\u015fleterek b\u00fcy\u00fcmesini s\u00fcrd\u00fcrm\u00fc\u015ft\u00fcr. <\/br><br \/>\n\u015eirketlerimiz in\u015faat alan\u0131nda, kamu projeleri ve \u00f6zel projeleri taahh\u00fct hizmetleri ile birlikte hizmete sunmu\u015ftur. <\/br> \u0130n\u015faat \u015firketlerimiz halen alt yap\u0131 ve \u00fcst yap\u0131 projelerinde h\u0131zl\u0131, sorunsuz ve d\u00fcr\u00fcst \u00e7al\u0131\u015fma prensibi ile \u00e7al\u0131\u015fmalar\u0131na devam etmektedir. <\/br><br \/>\n\u015eirketimiz halen Barut\u00e7uo\u011flu Grup olarak  \u00e7e\u015fitli i\u015f alanlar\u0131nda faaliyet g\u00f6stermektedir.<\/p>\n<\/div>","protected":false},"excerpt":{"rendered":"<p>Hakk\u0131m\u0131zda1987 y\u0131l\u0131nda U\u011fur Barut ve Dilaver Barut taraf\u0131ndan kurulan firmam\u0131z , ticaret hayat\u0131na in\u015faat yat\u0131r\u0131mlar\u0131 ve m\u00fcteahhitlik hizmetleri ile ba\u015flam\u0131\u015ft\u0131r. Geride kalan 29 sene i\u00e7inde firmam\u0131z i\u015f alanlar\u0131n\u0131 ve i\u015f hacmini geni\u015fleterek b\u00fcy\u00fcmesini s\u00fcrd\u00fcrm\u00fc\u015ft\u00fcr. \u015eirketlerimiz in\u015faat alan\u0131nda, kamu projeleri ve \u00f6zel projeleri taahh\u00fct hizmetleri ile birlikte hizmete sunmu\u015ftur. \u0130n\u015faat \u015firketlerimiz halen alt yap\u0131 ve \u00fcst [&hellip;]<\/p>\n","protected":false},"author":1,"featured_media":0,"parent":0,"menu_order":0,"comment_status":"open","ping_status":"open","template":"","meta":[],"_links":{"self":[{"href":"https:\/\/www.barutcuoglugrup.com\/index.php\/wp-json\/wp\/v2\/pages\/1368"}],"collection":[{"href":"https:\/\/www.barutcuoglugrup.com\/index.php\/wp-json\/wp\/v2\/pages"}],"about":[{"href":"https:\/\/www.barutcuoglugrup.com\/index.php\/wp-json\/wp\/v2\/types\/page"}],"author":[{"embeddable":true,"href":"https:\/\/www.barutcuoglugrup.com\/index.php\/wp-json\/wp\/v2\/users\/1"}],"replies":[{"embeddable":true,"href":"https:\/\/www.barutcuoglugrup.com\/index.php\/wp-json\/wp\/v2\/comments?post=1368"}],"version-history":[{"count":0,"href":"https:\/\/www.barutcuoglugrup.com\/index.php\/wp-json\/wp\/v2\/pages\/1368\/revisions"}],"wp:attachment":[{"href":"https:\/\/www.barutcuoglugrup.com\/index.php\/wp-json\/wp\/v2\/media?parent=1368"}],"curies":[{"name":"wp","href":"https:\/\/api.w.org\/{rel}","templated":true}]}}