{"id":1594,"date":"2018-08-13T02:13:22","date_gmt":"2018-08-12T23:13:22","guid":{"rendered":"http:\/\/www.barutcuoglugrup.com\/?page_id=1594"},"modified":"2018-08-13T02:13:22","modified_gmt":"2018-08-12T23:13:22","slug":"kalite-politikamiz","status":"publish","type":"page","link":"https:\/\/www.barutcuoglugrup.com\/index.php\/kalite-politikamiz\/","title":{"rendered":"Kalite Politikam\u0131z"},"content":{"rendered":"<div class=\"ui--title ui--animation ui--title-bordered text-center\"><div class=\"ui--title-holder\"><h1 class=\"ui--title-text\">Kalite Politikam\u0131z<\/h1><div class=\"ui--title-borders ui--title-border-left\"><\/div><div class=\"ui--title-borders ui--title-border-right\"><\/div><\/div><\/div><div class=\"auto-format ui--animation\"><p style=\"font-size:18px\">Barut\u00e7uo\u011flu Grup \u00e7at\u0131s\u0131 alt\u0131nda bulunan \u015firketlerimizin t\u00fcm \u00e7al\u0131\u015fmalar\u0131n\u0131 uluslararas\u0131 kalite ve \u00e7evre koruma standartlar\u0131na uygun olarak devam ettirmekte ve tamamlamaktad\u0131r. <\/br> Bu ilkelere ve standartlara ba\u011fl\u0131 olarak firmam\u0131z ISO9001 Kalite Y\u00f6netimi ve ISO14001 \u00c7evre Koruma Y\u00f6netim Sistemi sertifikalar\u0131na sahiptir. <\/br><br \/>\nEtkin olarak uygulanan ve s\u00fcrekli geli\u015ftirilen y\u00f6netim sistemimizle alt yap\u0131 ve \u00fcst yap\u0131 imalat faaliyetlerinde her zaman aran\u0131lan bir \u015firket olmak hedefimizdir. <\/br><br \/>\n\u0130nsan sa\u011fl\u0131\u011f\u0131 ve i\u015f g\u00fcvenli\u011fini temel prensip edinerek, t\u00fcm \u00e7al\u0131\u015fanlar\u0131m\u0131za, tedarik\u00e7ilerimize, imalat sundu\u011fumuz kamu kurum ve kurulu\u015flar\u0131na, halk\u0131m\u0131za sa\u011fl\u0131kl\u0131, huzurlu ve g\u00fcvenli bir ortam sa\u011flamak temel politikam\u0131zd\u0131r. <\/br><br \/>\nM\u00fc\u015fteri \u015fartnamelerine, standartlara, kanun, mevzuat ve y\u00f6netmeliklere uyarak alt yap\u0131 ve \u00fcst yap\u0131 imalatlar\u0131n\u0131 ger\u00e7ekle\u015ftirmek, \u0130malatlar\u0131m\u0131z\u0131 idame ettirirken havaya, topra\u011fa, suya ve di\u011fer do\u011fal kaynaklara y\u00f6nelik kirlenmeyi \u00f6nlemek, Kaynaklar\u0131 etkin ve planl\u0131 kullanarak, gelecek nesillere ya\u015fanabilir ve temiz bir \u00e7evreyi miras b\u0131rakmakt\u0131r.<\/p>\n<\/div>","protected":false},"excerpt":{"rendered":"<p>Kalite Politikam\u0131zBarut\u00e7uo\u011flu Grup \u00e7at\u0131s\u0131 alt\u0131nda bulunan \u015firketlerimizin t\u00fcm \u00e7al\u0131\u015fmalar\u0131n\u0131 uluslararas\u0131 kalite ve \u00e7evre koruma standartlar\u0131na uygun olarak devam ettirmekte ve tamamlamaktad\u0131r. Bu ilkelere ve standartlara ba\u011fl\u0131 olarak firmam\u0131z ISO9001 Kalite Y\u00f6netimi ve ISO14001 \u00c7evre Koruma Y\u00f6netim Sistemi sertifikalar\u0131na sahiptir. Etkin olarak uygulanan ve s\u00fcrekli geli\u015ftirilen y\u00f6netim sistemimizle alt yap\u0131 ve \u00fcst yap\u0131 imalat faaliyetlerinde her [&hellip;]<\/p>\n","protected":false},"author":1,"featured_media":0,"parent":0,"menu_order":0,"comment_status":"closed","ping_status":"closed","template":"","meta":[],"_links":{"self":[{"href":"https:\/\/www.barutcuoglugrup.com\/index.php\/wp-json\/wp\/v2\/pages\/1594"}],"collection":[{"href":"https:\/\/www.barutcuoglugrup.com\/index.php\/wp-json\/wp\/v2\/pages"}],"about":[{"href":"https:\/\/www.barutcuoglugrup.com\/index.php\/wp-json\/wp\/v2\/types\/page"}],"author":[{"embeddable":true,"href":"https:\/\/www.barutcuoglugrup.com\/index.php\/wp-json\/wp\/v2\/users\/1"}],"replies":[{"embeddable":true,"href":"https:\/\/www.barutcuoglugrup.com\/index.php\/wp-json\/wp\/v2\/comments?post=1594"}],"version-history":[{"count":0,"href":"https:\/\/www.barutcuoglugrup.com\/index.php\/wp-json\/wp\/v2\/pages\/1594\/revisions"}],"wp:attachment":[{"href":"https:\/\/www.barutcuoglugrup.com\/index.php\/wp-json\/wp\/v2\/media?parent=1594"}],"curies":[{"name":"wp","href":"https:\/\/api.w.org\/{rel}","templated":true}]}}