{"id":1599,"date":"2018-08-13T02:19:35","date_gmt":"2018-08-12T23:19:35","guid":{"rendered":"http:\/\/www.barutcuoglugrup.com\/?page_id=1599"},"modified":"2018-08-13T02:19:35","modified_gmt":"2018-08-12T23:19:35","slug":"cevre-ve-guvenlik-politikamiz","status":"publish","type":"page","link":"https:\/\/www.barutcuoglugrup.com\/index.php\/cevre-ve-guvenlik-politikamiz\/","title":{"rendered":"\u00c7evre ve G\u00fcvenlik Politikam\u0131z"},"content":{"rendered":"<div class=\"ui--title ui--animation ui--title-bordered text-center\"><div class=\"ui--title-holder\"><h1 class=\"ui--title-text\">\u00c7evre ve G\u00fcvenlik Politikam\u0131z<\/h1><div class=\"ui--title-borders ui--title-border-left\"><\/div><div class=\"ui--title-borders ui--title-border-right\"><\/div><\/div><\/div><div class=\"auto-format ui--animation\"><p style=\"font-size:18px\">Barut\u00e7uo\u011flu Grup olarak bizler \u00fcretti\u011fimiz hizmetlerde \u00e7evre, i\u015f sa\u011fl\u0131\u011f\u0131 ve g\u00fcvenli\u011fi ile ilgili t\u00fcm mevzuat ve d\u00fczenlemelere uyar, s\u00fcrekli iyile\u015ftirmek i\u00e7in \u00e7aba harcar\u0131z.<\/br> Projelerimizi y\u00fcr\u00fct\u00fcrken \u00e7evreye etkilerimizi tespit eder ve varsa olumsuz etkileri en aza indiririz.Projelerimiz ve \u00e7al\u0131\u015fmalar\u0131m\u0131z s\u0131ras\u0131nda, enerjiyi ve kaynaklar\u0131m\u0131z\u0131 etkin kullan\u0131r ve s\u00fcrekli tasarruf etmek i\u00e7in \u00f6nlemler al\u0131r\u0131z. <\/br><\/br>Faaliyetlerimizi s\u00fcrd\u00fcr\u00fcrken at\u0131klar\u0131m\u0131z\u0131 kontrol alt\u0131nda tutar, hava, su ve topra\u011f\u0131n kirlenmesini, uygun tekniklerle minimize ederiz. <\/br>Ortak \u00c7evre, i\u015f sa\u011fl\u0131\u011f\u0131 ve g\u00fcvenli\u011fi bilincinin t\u00fcm \u00e7al\u0131\u015fanlar taraf\u0131ndan ya\u015fat\u0131labilmesi i\u00e7in gerekli olan duyuru, e\u011fitim ve bilin\u00e7lendirme \u00e7al\u0131\u015fmalar\u0131n\u0131 y\u00fcr\u00fct\u00fcr\u00fcz.<\/br><\/br>Barut\u00e7uo\u011flu Grup olarak Sundu\u011fumuz t\u00fcm hizmetler s\u0131ras\u0131nda; \u00e7al\u0131\u015fanlar\u0131 ve faaliyetlerimizden etkilenecek insanlar\u0131, i\u015fle ilgili yaralanma ve hastal\u0131klardan koruruz. <\/br>Bize ait ve 3. ki\u015filere ait mal ve m\u00fclkiyetine zarar vermemek i\u00e7in tehlikeyi daha ba\u015flang\u0131\u00e7 a\u015famas\u0131nda kontrol edip, s\u00fcrekli olarak izleyerek, gerekli d\u00fczenlemeleri yapar ve uygulama a\u015famas\u0131nda m\u00fcmk\u00fcn olan her t\u00fcrl\u00fc korumay\u0131 sa\u011flar\u0131z. <\/p>\n<\/div>","protected":false},"excerpt":{"rendered":"<p>\u00c7evre ve G\u00fcvenlik Politikam\u0131zBarut\u00e7uo\u011flu Grup olarak bizler \u00fcretti\u011fimiz hizmetlerde \u00e7evre, i\u015f sa\u011fl\u0131\u011f\u0131 ve g\u00fcvenli\u011fi ile ilgili t\u00fcm mevzuat ve d\u00fczenlemelere uyar, s\u00fcrekli iyile\u015ftirmek i\u00e7in \u00e7aba harcar\u0131z. Projelerimizi y\u00fcr\u00fct\u00fcrken \u00e7evreye etkilerimizi tespit eder ve varsa olumsuz etkileri en aza indiririz.Projelerimiz ve \u00e7al\u0131\u015fmalar\u0131m\u0131z s\u0131ras\u0131nda, enerjiyi ve kaynaklar\u0131m\u0131z\u0131 etkin kullan\u0131r ve s\u00fcrekli tasarruf etmek i\u00e7in \u00f6nlemler al\u0131r\u0131z. Faaliyetlerimizi [&hellip;]<\/p>\n","protected":false},"author":1,"featured_media":0,"parent":0,"menu_order":0,"comment_status":"closed","ping_status":"closed","template":"","meta":[],"_links":{"self":[{"href":"https:\/\/www.barutcuoglugrup.com\/index.php\/wp-json\/wp\/v2\/pages\/1599"}],"collection":[{"href":"https:\/\/www.barutcuoglugrup.com\/index.php\/wp-json\/wp\/v2\/pages"}],"about":[{"href":"https:\/\/www.barutcuoglugrup.com\/index.php\/wp-json\/wp\/v2\/types\/page"}],"author":[{"embeddable":true,"href":"https:\/\/www.barutcuoglugrup.com\/index.php\/wp-json\/wp\/v2\/users\/1"}],"replies":[{"embeddable":true,"href":"https:\/\/www.barutcuoglugrup.com\/index.php\/wp-json\/wp\/v2\/comments?post=1599"}],"version-history":[{"count":0,"href":"https:\/\/www.barutcuoglugrup.com\/index.php\/wp-json\/wp\/v2\/pages\/1599\/revisions"}],"wp:attachment":[{"href":"https:\/\/www.barutcuoglugrup.com\/index.php\/wp-json\/wp\/v2\/media?parent=1599"}],"curies":[{"name":"wp","href":"https:\/\/api.w.org\/{rel}","templated":true}]}}