{"id":1603,"date":"2018-08-13T02:24:38","date_gmt":"2018-08-12T23:24:38","guid":{"rendered":"http:\/\/www.barutcuoglugrup.com\/?page_id=1603"},"modified":"2018-08-13T02:24:58","modified_gmt":"2018-08-12T23:24:58","slug":"grup-sirketleri","status":"publish","type":"page","link":"https:\/\/www.barutcuoglugrup.com\/index.php\/grup-sirketleri\/","title":{"rendered":"Grup \u015eirketleri"},"content":{"rendered":"<div class=\"ui--title ui--animation ui--title-bordered text-center\"><div class=\"ui--title-holder\"><h1 class=\"ui--title-text\">Grup \u015eirketleri<\/h1><div class=\"ui--title-borders ui--title-border-left\"><\/div><div class=\"ui--title-borders ui--title-border-right\"><\/div><\/div><\/div><div class=\"auto-format ui--animation\"><p style=\"font-size:18px\"><strong>\u0130n\u015faat Grubu &#8211; Barut\u00e7uo\u011flu \u0130n\u015faat San &#038; Tic Ltd. \u015eti.  &#8211; 3B Tasar\u0131m \u0130mar \u0130n\u015faat Ltd. \u015eti.<\/strong><\/br><br \/>\n\u0130n\u015faat sekt\u00f6r\u00fcnde 30 y\u0131ll\u0131k tecr\u00fcbesi ile var olan Barut\u00e7uo\u011flu \u0130n\u015faat , T\u00fcrkiye&#8217;nin bir \u00e7ok b\u00f6lgesi ve \u015fehrinde projelere ba\u015far\u0131 ile imza atm\u0131\u015ft\u0131r. <\/br><br \/>\nGrup \u015firketlerimiz&#8217;den 3B Tasar\u0131m \u0130mar \u0130n\u015faat  altyap\u0131 ve \u00fcst yap\u0131 projelerini hizmete sunmaktad\u0131r firma 2012 y\u0131l\u0131ndan itibaren faaliyet g\u00f6stermektedir.<\/p>\n<\/div>","protected":false},"excerpt":{"rendered":"<p>Grup \u015eirketleri\u0130n\u015faat Grubu &#8211; Barut\u00e7uo\u011flu \u0130n\u015faat San &#038; Tic Ltd. \u015eti. &#8211; 3B Tasar\u0131m \u0130mar \u0130n\u015faat Ltd. \u015eti. \u0130n\u015faat sekt\u00f6r\u00fcnde 30 y\u0131ll\u0131k tecr\u00fcbesi ile var olan Barut\u00e7uo\u011flu \u0130n\u015faat , T\u00fcrkiye&#8217;nin bir \u00e7ok b\u00f6lgesi ve \u015fehrinde projelere ba\u015far\u0131 ile imza atm\u0131\u015ft\u0131r. Grup \u015firketlerimiz&#8217;den 3B Tasar\u0131m \u0130mar \u0130n\u015faat altyap\u0131 ve \u00fcst yap\u0131 projelerini hizmete sunmaktad\u0131r firma 2012 [&hellip;]<\/p>\n","protected":false},"author":1,"featured_media":0,"parent":0,"menu_order":0,"comment_status":"closed","ping_status":"closed","template":"","meta":[],"_links":{"self":[{"href":"https:\/\/www.barutcuoglugrup.com\/index.php\/wp-json\/wp\/v2\/pages\/1603"}],"collection":[{"href":"https:\/\/www.barutcuoglugrup.com\/index.php\/wp-json\/wp\/v2\/pages"}],"about":[{"href":"https:\/\/www.barutcuoglugrup.com\/index.php\/wp-json\/wp\/v2\/types\/page"}],"author":[{"embeddable":true,"href":"https:\/\/www.barutcuoglugrup.com\/index.php\/wp-json\/wp\/v2\/users\/1"}],"replies":[{"embeddable":true,"href":"https:\/\/www.barutcuoglugrup.com\/index.php\/wp-json\/wp\/v2\/comments?post=1603"}],"version-history":[{"count":0,"href":"https:\/\/www.barutcuoglugrup.com\/index.php\/wp-json\/wp\/v2\/pages\/1603\/revisions"}],"wp:attachment":[{"href":"https:\/\/www.barutcuoglugrup.com\/index.php\/wp-json\/wp\/v2\/media?parent=1603"}],"curies":[{"name":"wp","href":"https:\/\/api.w.org\/{rel}","templated":true}]}}