{"id":1614,"date":"2018-08-30T00:51:49","date_gmt":"2018-08-29T21:51:49","guid":{"rendered":"http:\/\/www.barutcuoglugrup.com\/?page_id=1614"},"modified":"2018-08-30T00:51:49","modified_gmt":"2018-08-29T21:51:49","slug":"marina","status":"publish","type":"page","link":"https:\/\/www.barutcuoglugrup.com\/index.php\/marina\/","title":{"rendered":"Marina"},"content":{"rendered":"<div class=\"ui--title ui--animation ui--title-bordered text-center\"><div class=\"ui--title-holder\"><h1 class=\"ui--title-text\">Marina<\/h1><div class=\"ui--title-borders ui--title-border-left\"><\/div><div class=\"ui--title-borders ui--title-border-right\"><\/div><\/div><\/div><div class=\"auto-format ui--animation\"><p><strong>MAR\u0130NA  H\u0130ZMETLER\u0130  &#8211; Barog  A.\u015e.<\/strong><br \/>\nGrup \u015eirketlerimizden Barog A.\u015e.  Lena Grup ile birlikte kurulan bir ortak giri\u015fim \u015firketidir. <\/br>Barog A.\u015e. \u0130zmir \u00c7e\u015fme Marina i\u00e7erisinde faaliyet g\u00f6stermekte olup b\u00fcnyesinde;  Lukoil Akaryak\u0131t \u0130stasyonu , Mado Cafe  , Yat Market ve Yat Markalar\u0131 Bayiili\u011fi bulundurmaktad\u0131r.<\/p>\n<\/div><div id=\"ui--gallery-1\" class=\"ui--gallery ui--pass\" data-columns=\"6\"><div class=\"unstyled-all clearfix ui--gallery-wrapper columns-6 \"><div class=\"ui-row row\">\n <div   class=\"ui-column span2\"><div class=\"ui--gallery-item ui--animation\"><div class=\"inner\"><a href=\"http:\/\/www.barutcuoglugrup.com\/wp-content\/uploads\/2018\/09\/marina.jpg\" target=\"_blank\" data-rel=\"prettyPhoto[ui--gallery-1]\"><img src=\"http:\/\/www.barutcuoglugrup.com\/wp-content\/uploads\/2018\/09\/marina-500x500.jpg\" class=\"\" alt=\"Marina\"\/><div class=\"ui--gallery-overlay\"><div class=\"center\"><span class=\"btn btn-normal btn-icon-left btn-grey ui--animation\" href=\"#\" style=\"\"><i class=\"ui--icon fontawesome-fullscreen\"><\/i><\/span> <\/div><\/div><\/a><\/div><\/div><\/div> \n\n <div   class=\"ui-column span2\"><div class=\"ui--gallery-item ui--animation\"><div class=\"inner\"><a href=\"http:\/\/www.barutcuoglugrup.com\/wp-content\/uploads\/2018\/09\/marina3.jpg\" target=\"_blank\" data-rel=\"prettyPhoto[ui--gallery-1]\"><img src=\"http:\/\/www.barutcuoglugrup.com\/wp-content\/uploads\/2018\/09\/marina3-500x500.jpg\" class=\"\" alt=\"Marina\"\/><div class=\"ui--gallery-overlay\"><div class=\"center\"><span class=\"btn btn-normal btn-icon-left btn-grey ui--animation\" href=\"#\" style=\"\"><i class=\"ui--icon fontawesome-fullscreen\"><\/i><\/span> <\/div><\/div><\/a><\/div><\/div><\/div> \n\n <div   class=\"ui-column span2\"><div class=\"ui--gallery-item ui--animation\"><div class=\"inner\"><a href=\"http:\/\/www.barutcuoglugrup.com\/wp-content\/uploads\/2018\/09\/PSO3690.jpg\" target=\"_blank\" data-rel=\"prettyPhoto[ui--gallery-1]\"><img src=\"http:\/\/www.barutcuoglugrup.com\/wp-content\/uploads\/2018\/09\/PSO3690-500x500.jpg\" class=\"\" alt=\"Marina\"\/><div class=\"ui--gallery-overlay\"><div class=\"center\"><span class=\"btn btn-normal btn-icon-left btn-grey ui--animation\" href=\"#\" style=\"\"><i class=\"ui--icon fontawesome-fullscreen\"><\/i><\/span> <\/div><\/div><\/a><\/div><\/div><\/div> \n\n <div   class=\"ui-column span2\"><div class=\"ui--gallery-item ui--animation\"><div class=\"inner\"><a href=\"http:\/\/www.barutcuoglugrup.com\/wp-content\/uploads\/2018\/09\/marina1.jpg\" target=\"_blank\" data-rel=\"prettyPhoto[ui--gallery-1]\"><img src=\"http:\/\/www.barutcuoglugrup.com\/wp-content\/uploads\/2018\/09\/marina1-500x500.jpg\" class=\"\" alt=\"Marina\"\/><div class=\"ui--gallery-overlay\"><div class=\"center\"><span class=\"btn btn-normal btn-icon-left btn-grey ui--animation\" href=\"#\" style=\"\"><i class=\"ui--icon fontawesome-fullscreen\"><\/i><\/span> <\/div><\/div><\/a><\/div><\/div><\/div> \n\n <div   class=\"ui-column span2\"><div class=\"ui--gallery-item ui--animation\"><div class=\"inner\"><a href=\"http:\/\/www.barutcuoglugrup.com\/wp-content\/uploads\/2018\/09\/marina-5.jpg\" target=\"_blank\" data-rel=\"prettyPhoto[ui--gallery-1]\"><img src=\"http:\/\/www.barutcuoglugrup.com\/wp-content\/uploads\/2018\/09\/marina-5-500x500.jpg\" class=\"\" alt=\"Marina\"\/><div class=\"ui--gallery-overlay\"><div class=\"center\"><span class=\"btn btn-normal btn-icon-left btn-grey ui--animation\" href=\"#\" style=\"\"><i class=\"ui--icon fontawesome-fullscreen\"><\/i><\/span> <\/div><\/div><\/a><\/div><\/div><\/div> \n\n <div   class=\"ui-column span2\"><div class=\"ui--gallery-item ui--animation\"><div class=\"inner\"><a href=\"http:\/\/www.barutcuoglugrup.com\/wp-content\/uploads\/2018\/09\/PSO3752.jpg\" target=\"_blank\" data-rel=\"prettyPhoto[ui--gallery-1]\"><img src=\"http:\/\/www.barutcuoglugrup.com\/wp-content\/uploads\/2018\/09\/PSO3752-500x500.jpg\" class=\"\" alt=\"Marina\"\/><div class=\"ui--gallery-overlay\"><div class=\"center\"><span class=\"btn btn-normal btn-icon-left btn-grey ui--animation\" href=\"#\" style=\"\"><i class=\"ui--icon fontawesome-fullscreen\"><\/i><\/span> <\/div><\/div><\/a><\/div><\/div><\/div> \n\n<\/div> \n<div class=\"ui-row row\">\n <div   class=\"ui-column span2\"><div class=\"ui--gallery-item ui--animation\"><div class=\"inner\"><a href=\"http:\/\/www.barutcuoglugrup.com\/wp-content\/uploads\/2018\/09\/marina2.jpg\" target=\"_blank\" data-rel=\"prettyPhoto[ui--gallery-1]\"><img src=\"http:\/\/www.barutcuoglugrup.com\/wp-content\/uploads\/2018\/09\/marina2-500x500.jpg\" class=\"\" alt=\"Marina\"\/><div class=\"ui--gallery-overlay\"><div class=\"center\"><span class=\"btn btn-normal btn-icon-left btn-grey ui--animation\" href=\"#\" style=\"\"><i class=\"ui--icon fontawesome-fullscreen\"><\/i><\/span> <\/div><\/div><\/a><\/div><\/div><\/div> \n\n <div   class=\"ui-column span2\"><div class=\"ui--gallery-item ui--animation\"><div class=\"inner\"><a href=\"http:\/\/www.barutcuoglugrup.com\/wp-content\/uploads\/2018\/09\/PSO3685.jpg\" target=\"_blank\" data-rel=\"prettyPhoto[ui--gallery-1]\"><img src=\"http:\/\/www.barutcuoglugrup.com\/wp-content\/uploads\/2018\/09\/PSO3685-500x500.jpg\" class=\"\" alt=\"Marina\"\/><div class=\"ui--gallery-overlay\"><div class=\"center\"><span class=\"btn btn-normal btn-icon-left btn-grey ui--animation\" href=\"#\" style=\"\"><i class=\"ui--icon fontawesome-fullscreen\"><\/i><\/span> <\/div><\/div><\/a><\/div><\/div><\/div> \n\n <div   class=\"ui-column span2\"><div class=\"ui--gallery-item ui--animation\"><div class=\"inner\"><a href=\"http:\/\/www.barutcuoglugrup.com\/wp-content\/uploads\/2018\/09\/PSO3679.jpg\" target=\"_blank\" data-rel=\"prettyPhoto[ui--gallery-1]\"><img src=\"http:\/\/www.barutcuoglugrup.com\/wp-content\/uploads\/2018\/09\/PSO3679-500x500.jpg\" class=\"\" alt=\"Marina\"\/><div class=\"ui--gallery-overlay\"><div class=\"center\"><span class=\"btn btn-normal btn-icon-left btn-grey ui--animation\" href=\"#\" style=\"\"><i class=\"ui--icon fontawesome-fullscreen\"><\/i><\/span> <\/div><\/div><\/a><\/div><\/div><\/div> \n\n <div   class=\"ui-column span2\"><div class=\"ui--gallery-item ui--animation\"><div class=\"inner\"><a href=\"http:\/\/www.barutcuoglugrup.com\/wp-content\/uploads\/2018\/09\/PSO3732.jpg\" target=\"_blank\" data-rel=\"prettyPhoto[ui--gallery-1]\"><img src=\"http:\/\/www.barutcuoglugrup.com\/wp-content\/uploads\/2018\/09\/PSO3732-500x500.jpg\" class=\"\" alt=\"Marina\"\/><div class=\"ui--gallery-overlay\"><div class=\"center\"><span class=\"btn btn-normal btn-icon-left btn-grey ui--animation\" href=\"#\" style=\"\"><i class=\"ui--icon fontawesome-fullscreen\"><\/i><\/span> <\/div><\/div><\/a><\/div><\/div><\/div> \n\n <div   class=\"ui-column span2\"><div class=\"ui--gallery-item ui--animation\"><div class=\"inner\"><a href=\"http:\/\/www.barutcuoglugrup.com\/wp-content\/uploads\/2018\/09\/DSC03027.jpg\" target=\"_blank\" data-rel=\"prettyPhoto[ui--gallery-1]\"><img src=\"http:\/\/www.barutcuoglugrup.com\/wp-content\/uploads\/2018\/09\/DSC03027-500x500.jpg\" class=\"\" alt=\"Marina\"\/><div class=\"ui--gallery-overlay\"><div class=\"center\"><span class=\"btn btn-normal btn-icon-left btn-grey ui--animation\" href=\"#\" style=\"\"><i class=\"ui--icon fontawesome-fullscreen\"><\/i><\/span> <\/div><\/div><\/a><\/div><\/div><\/div> \n\n <div   class=\"ui-column span2\"><div class=\"ui--gallery-item ui--animation\"><div class=\"inner\"><a href=\"http:\/\/www.barutcuoglugrup.com\/wp-content\/uploads\/2018\/09\/PSO4369.jpg\" target=\"_blank\" data-rel=\"prettyPhoto[ui--gallery-1]\"><img src=\"http:\/\/www.barutcuoglugrup.com\/wp-content\/uploads\/2018\/09\/PSO4369-500x500.jpg\" class=\"\" alt=\"Marina\"\/><div class=\"ui--gallery-overlay\"><div class=\"center\"><span class=\"btn btn-normal btn-icon-left btn-grey ui--animation\" href=\"#\" style=\"\"><i class=\"ui--icon fontawesome-fullscreen\"><\/i><\/span> <\/div><\/div><\/a><\/div><\/div><\/div> \n\n<\/div> \n<div class=\"ui-row row\">\n <div   class=\"ui-column span2\"><div class=\"ui--gallery-item ui--animation\"><div class=\"inner\"><a href=\"http:\/\/www.barutcuoglugrup.com\/wp-content\/uploads\/2018\/09\/PSO4377.jpg\" target=\"_blank\" data-rel=\"prettyPhoto[ui--gallery-1]\"><img src=\"http:\/\/www.barutcuoglugrup.com\/wp-content\/uploads\/2018\/09\/PSO4377-500x500.jpg\" class=\"\" alt=\"Marina\"\/><div class=\"ui--gallery-overlay\"><div class=\"center\"><span class=\"btn btn-normal btn-icon-left btn-grey ui--animation\" href=\"#\" style=\"\"><i class=\"ui--icon fontawesome-fullscreen\"><\/i><\/span> <\/div><\/div><\/a><\/div><\/div><\/div> \n\n <div   class=\"ui-column span2\"><div class=\"ui--gallery-item ui--animation\"><div class=\"inner\"><a href=\"http:\/\/www.barutcuoglugrup.com\/wp-content\/uploads\/2018\/09\/PSO4373.jpg\" target=\"_blank\" data-rel=\"prettyPhoto[ui--gallery-1]\"><img src=\"http:\/\/www.barutcuoglugrup.com\/wp-content\/uploads\/2018\/09\/PSO4373-500x500.jpg\" class=\"\" alt=\"Marina\"\/><div class=\"ui--gallery-overlay\"><div class=\"center\"><span class=\"btn btn-normal btn-icon-left btn-grey ui--animation\" href=\"#\" style=\"\"><i class=\"ui--icon fontawesome-fullscreen\"><\/i><\/span> <\/div><\/div><\/a><\/div><\/div><\/div> \n\n <div   class=\"ui-column span2\"><div class=\"ui--gallery-item ui--animation\"><div class=\"inner\"><a href=\"http:\/\/www.barutcuoglugrup.com\/wp-content\/uploads\/2018\/09\/PSO4375.jpg\" target=\"_blank\" data-rel=\"prettyPhoto[ui--gallery-1]\"><img src=\"http:\/\/www.barutcuoglugrup.com\/wp-content\/uploads\/2018\/09\/PSO4375-500x500.jpg\" class=\"\" alt=\"Marina\"\/><div class=\"ui--gallery-overlay\"><div class=\"center\"><span class=\"btn btn-normal btn-icon-left btn-grey ui--animation\" href=\"#\" style=\"\"><i class=\"ui--icon fontawesome-fullscreen\"><\/i><\/span> <\/div><\/div><\/a><\/div><\/div><\/div> \n\n <div   class=\"ui-column span2\"><div class=\"ui--gallery-item ui--animation\"><div class=\"inner\"><a href=\"http:\/\/www.barutcuoglugrup.com\/wp-content\/uploads\/2018\/09\/100_0944.jpg\" target=\"_blank\" data-rel=\"prettyPhoto[ui--gallery-1]\"><img src=\"http:\/\/www.barutcuoglugrup.com\/wp-content\/uploads\/2018\/09\/100_0944-500x500.jpg\" class=\"\" alt=\"Marina\"\/><div class=\"ui--gallery-overlay\"><div class=\"center\"><span class=\"btn btn-normal btn-icon-left btn-grey ui--animation\" href=\"#\" style=\"\"><i class=\"ui--icon fontawesome-fullscreen\"><\/i><\/span> <\/div><\/div><\/a><\/div><\/div><\/div> \n\n <div   class=\"ui-column span2\"><div class=\"ui--gallery-item ui--animation\"><div class=\"inner\"><a href=\"http:\/\/www.barutcuoglugrup.com\/wp-content\/uploads\/2018\/09\/mado.jpg\" target=\"_blank\" data-rel=\"prettyPhoto[ui--gallery-1]\"><img src=\"http:\/\/www.barutcuoglugrup.com\/wp-content\/uploads\/2018\/09\/mado-500x500.jpg\" class=\"\" alt=\"Marina\"\/><div class=\"ui--gallery-overlay\"><div class=\"center\"><span class=\"btn btn-normal btn-icon-left btn-grey ui--animation\" href=\"#\" style=\"\"><i class=\"ui--icon fontawesome-fullscreen\"><\/i><\/span> <\/div><\/div><\/a><\/div><\/div><\/div> \n\n <div   class=\"ui-column span2\"><div class=\"ui--gallery-item ui--animation\"><div class=\"inner\"><a href=\"http:\/\/www.barutcuoglugrup.com\/wp-content\/uploads\/2018\/09\/mado-amat\u00f6r.jpg\" target=\"_blank\" data-rel=\"prettyPhoto[ui--gallery-1]\"><img src=\"http:\/\/www.barutcuoglugrup.com\/wp-content\/uploads\/2018\/09\/mado-amat\u00f6r-500x500.jpg\" class=\"\" alt=\"Marina\"\/><div class=\"ui--gallery-overlay\"><div class=\"center\"><span class=\"btn btn-normal btn-icon-left btn-grey ui--animation\" href=\"#\" style=\"\"><i class=\"ui--icon fontawesome-fullscreen\"><\/i><\/span> <\/div><\/div><\/a><\/div><\/div><\/div> \n\n<\/div> \n<div class=\"ui-row row\">\n <div   class=\"ui-column span2\"><div class=\"ui--gallery-item ui--animation\"><div class=\"inner\"><a href=\"http:\/\/www.barutcuoglugrup.com\/wp-content\/uploads\/2018\/09\/akaryak\u0131t.jpg\" target=\"_blank\" data-rel=\"prettyPhoto[ui--gallery-1]\"><img src=\"http:\/\/www.barutcuoglugrup.com\/wp-content\/uploads\/2018\/09\/akaryak\u0131t-500x500.jpg\" class=\"\" alt=\"Marina\"\/><div class=\"ui--gallery-overlay\"><div class=\"center\"><span class=\"btn btn-normal btn-icon-left btn-grey ui--animation\" href=\"#\" style=\"\"><i class=\"ui--icon fontawesome-fullscreen\"><\/i><\/span> <\/div><\/div><\/a><\/div><\/div><\/div> \n\n <div   class=\"ui-column span2\"><div class=\"ui--gallery-item ui--animation\"><div class=\"inner\"><a href=\"http:\/\/www.barutcuoglugrup.com\/wp-content\/uploads\/2018\/09\/DSC03026.jpg\" target=\"_blank\" data-rel=\"prettyPhoto[ui--gallery-1]\"><img src=\"http:\/\/www.barutcuoglugrup.com\/wp-content\/uploads\/2018\/09\/DSC03026-500x500.jpg\" class=\"\" alt=\"Marina\"\/><div class=\"ui--gallery-overlay\"><div class=\"center\"><span class=\"btn btn-normal btn-icon-left btn-grey ui--animation\" href=\"#\" style=\"\"><i class=\"ui--icon fontawesome-fullscreen\"><\/i><\/span> <\/div><\/div><\/a><\/div><\/div><\/div> \n\n <div   class=\"ui-column span2\"><div class=\"ui--gallery-item ui--animation\"><div class=\"inner\"><a href=\"http:\/\/www.barutcuoglugrup.com\/wp-content\/uploads\/2018\/09\/PSO4410.jpg\" target=\"_blank\" data-rel=\"prettyPhoto[ui--gallery-1]\"><img src=\"http:\/\/www.barutcuoglugrup.com\/wp-content\/uploads\/2018\/09\/PSO4410-500x500.jpg\" class=\"\" alt=\"Marina\"\/><div class=\"ui--gallery-overlay\"><div class=\"center\"><span class=\"btn btn-normal btn-icon-left btn-grey ui--animation\" href=\"#\" style=\"\"><i class=\"ui--icon fontawesome-fullscreen\"><\/i><\/span> <\/div><\/div><\/a><\/div><\/div><\/div> \n\n <div   class=\"ui-column span2\"><div class=\"ui--gallery-item ui--animation\"><div class=\"inner\"><a href=\"http:\/\/www.barutcuoglugrup.com\/wp-content\/uploads\/2018\/09\/PSO4396.jpg\" target=\"_blank\" data-rel=\"prettyPhoto[ui--gallery-1]\"><img src=\"http:\/\/www.barutcuoglugrup.com\/wp-content\/uploads\/2018\/09\/PSO4396-500x500.jpg\" class=\"\" alt=\"Marina\"\/><div class=\"ui--gallery-overlay\"><div class=\"center\"><span class=\"btn btn-normal btn-icon-left btn-grey ui--animation\" href=\"#\" style=\"\"><i class=\"ui--icon fontawesome-fullscreen\"><\/i><\/span> <\/div><\/div><\/a><\/div><\/div><\/div> \n\n <div   class=\"ui-column span2\"><div class=\"ui--gallery-item ui--animation\"><div class=\"inner\"><a href=\"http:\/\/www.barutcuoglugrup.com\/wp-content\/uploads\/2018\/09\/DSC03097.jpg\" target=\"_blank\" data-rel=\"prettyPhoto[ui--gallery-1]\"><img src=\"http:\/\/www.barutcuoglugrup.com\/wp-content\/uploads\/2018\/09\/DSC03097-500x500.jpg\" class=\"\" alt=\"Marina\"\/><div class=\"ui--gallery-overlay\"><div class=\"center\"><span class=\"btn btn-normal btn-icon-left btn-grey ui--animation\" href=\"#\" style=\"\"><i class=\"ui--icon fontawesome-fullscreen\"><\/i><\/span> <\/div><\/div><\/a><\/div><\/div><\/div> \n\n <div   class=\"ui-column span2\"><div class=\"ui--gallery-item ui--animation\"><div class=\"inner\"><a href=\"http:\/\/www.barutcuoglugrup.com\/wp-content\/uploads\/2018\/09\/DSC03093.jpg\" target=\"_blank\" data-rel=\"prettyPhoto[ui--gallery-1]\"><img src=\"http:\/\/www.barutcuoglugrup.com\/wp-content\/uploads\/2018\/09\/DSC03093-500x500.jpg\" class=\"\" alt=\"Marina\"\/><div class=\"ui--gallery-overlay\"><div class=\"center\"><span class=\"btn btn-normal btn-icon-left btn-grey ui--animation\" href=\"#\" style=\"\"><i class=\"ui--icon fontawesome-fullscreen\"><\/i><\/span> <\/div><\/div><\/a><\/div><\/div><\/div> \n\n<\/div> \n<div class=\"ui-row row\">\n <div   class=\"ui-column span2\"><div class=\"ui--gallery-item ui--animation\"><div class=\"inner\"><a href=\"http:\/\/www.barutcuoglugrup.com\/wp-content\/uploads\/2018\/09\/DSC03089.jpg\" target=\"_blank\" data-rel=\"prettyPhoto[ui--gallery-1]\"><img src=\"http:\/\/www.barutcuoglugrup.com\/wp-content\/uploads\/2018\/09\/DSC03089-500x500.jpg\" class=\"\" alt=\"Marina\"\/><div class=\"ui--gallery-overlay\"><div class=\"center\"><span class=\"btn btn-normal btn-icon-left btn-grey ui--animation\" href=\"#\" style=\"\"><i class=\"ui--icon fontawesome-fullscreen\"><\/i><\/span> <\/div><\/div><\/a><\/div><\/div><\/div> \n\n <div   class=\"ui-column span2\"><div class=\"ui--gallery-item ui--animation\"><div class=\"inner\"><a href=\"http:\/\/www.barutcuoglugrup.com\/wp-content\/uploads\/2018\/09\/DSC03088.jpg\" target=\"_blank\" data-rel=\"prettyPhoto[ui--gallery-1]\"><img src=\"http:\/\/www.barutcuoglugrup.com\/wp-content\/uploads\/2018\/09\/DSC03088-500x500.jpg\" class=\"\" alt=\"Marina\"\/><div class=\"ui--gallery-overlay\"><div class=\"center\"><span class=\"btn btn-normal btn-icon-left btn-grey ui--animation\" href=\"#\" style=\"\"><i class=\"ui--icon fontawesome-fullscreen\"><\/i><\/span> <\/div><\/div><\/a><\/div><\/div><\/div> \n\n <div   class=\"ui-column span2\"><div class=\"ui--gallery-item ui--animation\"><div class=\"inner\"><a href=\"http:\/\/www.barutcuoglugrup.com\/wp-content\/uploads\/2018\/09\/PSO4394.jpg\" target=\"_blank\" data-rel=\"prettyPhoto[ui--gallery-1]\"><img src=\"http:\/\/www.barutcuoglugrup.com\/wp-content\/uploads\/2018\/09\/PSO4394-500x500.jpg\" class=\"\" alt=\"Marina\"\/><div class=\"ui--gallery-overlay\"><div class=\"center\"><span class=\"btn btn-normal btn-icon-left btn-grey ui--animation\" href=\"#\" style=\"\"><i class=\"ui--icon fontawesome-fullscreen\"><\/i><\/span> <\/div><\/div><\/a><\/div><\/div><\/div> \n\n <div   class=\"ui-column span2\"><div class=\"ui--gallery-item ui--animation\"><div class=\"inner\"><a href=\"http:\/\/www.barutcuoglugrup.com\/wp-content\/uploads\/2018\/09\/PSO4388.jpg\" target=\"_blank\" data-rel=\"prettyPhoto[ui--gallery-1]\"><img src=\"http:\/\/www.barutcuoglugrup.com\/wp-content\/uploads\/2018\/09\/PSO4388-500x500.jpg\" class=\"\" alt=\"Marina\"\/><div class=\"ui--gallery-overlay\"><div class=\"center\"><span class=\"btn btn-normal btn-icon-left btn-grey ui--animation\" href=\"#\" style=\"\"><i class=\"ui--icon fontawesome-fullscreen\"><\/i><\/span> <\/div><\/div><\/a><\/div><\/div><\/div> \n\n <div   class=\"ui-column span2\"><div class=\"ui--gallery-item ui--animation\"><div class=\"inner\"><a href=\"http:\/\/www.barutcuoglugrup.com\/wp-content\/uploads\/2018\/09\/PSO4387.jpg\" target=\"_blank\" data-rel=\"prettyPhoto[ui--gallery-1]\"><img src=\"http:\/\/www.barutcuoglugrup.com\/wp-content\/uploads\/2018\/09\/PSO4387-500x500.jpg\" class=\"\" alt=\"Marina\"\/><div class=\"ui--gallery-overlay\"><div class=\"center\"><span class=\"btn btn-normal btn-icon-left btn-grey ui--animation\" href=\"#\" style=\"\"><i class=\"ui--icon fontawesome-fullscreen\"><\/i><\/span> <\/div><\/div><\/a><\/div><\/div><\/div> \n\n <div   class=\"ui-column span2\"><div class=\"ui--gallery-item ui--animation\"><div class=\"inner\"><a href=\"http:\/\/www.barutcuoglugrup.com\/wp-content\/uploads\/2018\/09\/PSO3784.jpg\" target=\"_blank\" data-rel=\"prettyPhoto[ui--gallery-1]\"><img src=\"http:\/\/www.barutcuoglugrup.com\/wp-content\/uploads\/2018\/09\/PSO3784-500x500.jpg\" class=\"\" alt=\"Marina\"\/><div class=\"ui--gallery-overlay\"><div class=\"center\"><span class=\"btn btn-normal btn-icon-left btn-grey ui--animation\" href=\"#\" style=\"\"><i class=\"ui--icon fontawesome-fullscreen\"><\/i><\/span> <\/div><\/div><\/a><\/div><\/div><\/div> \n\n<\/div> \n<\/div><div class=\"clearfix\"><\/div><\/div>","protected":false},"excerpt":{"rendered":"<p>MarinaMAR\u0130NA H\u0130ZMETLER\u0130 &#8211; Barog A.\u015e. Grup \u015eirketlerimizden Barog A.\u015e. Lena Grup ile birlikte kurulan bir ortak giri\u015fim \u015firketidir. Barog A.\u015e. \u0130zmir \u00c7e\u015fme Marina i\u00e7erisinde faaliyet g\u00f6stermekte olup b\u00fcnyesinde; Lukoil Akaryak\u0131t \u0130stasyonu , Mado Cafe , Yat Market ve Yat Markalar\u0131 Bayiili\u011fi bulundurmaktad\u0131r.<\/p>\n","protected":false},"author":1,"featured_media":0,"parent":0,"menu_order":0,"comment_status":"closed","ping_status":"closed","template":"","meta":[],"_links":{"self":[{"href":"https:\/\/www.barutcuoglugrup.com\/index.php\/wp-json\/wp\/v2\/pages\/1614"}],"collection":[{"href":"https:\/\/www.barutcuoglugrup.com\/index.php\/wp-json\/wp\/v2\/pages"}],"about":[{"href":"https:\/\/www.barutcuoglugrup.com\/index.php\/wp-json\/wp\/v2\/types\/page"}],"author":[{"embeddable":true,"href":"https:\/\/www.barutcuoglugrup.com\/index.php\/wp-json\/wp\/v2\/users\/1"}],"replies":[{"embeddable":true,"href":"https:\/\/www.barutcuoglugrup.com\/index.php\/wp-json\/wp\/v2\/comments?post=1614"}],"version-history":[{"count":0,"href":"https:\/\/www.barutcuoglugrup.com\/index.php\/wp-json\/wp\/v2\/pages\/1614\/revisions"}],"wp:attachment":[{"href":"https:\/\/www.barutcuoglugrup.com\/index.php\/wp-json\/wp\/v2\/media?parent=1614"}],"curies":[{"name":"wp","href":"https:\/\/api.w.org\/{rel}","templated":true}]}}