{"id":1616,"date":"2018-08-30T00:53:29","date_gmt":"2018-08-29T21:53:29","guid":{"rendered":"http:\/\/www.barutcuoglugrup.com\/?page_id=1616"},"modified":"2018-09-17T14:47:09","modified_gmt":"2018-09-17T11:47:09","slug":"alisveris","status":"publish","type":"page","link":"https:\/\/www.barutcuoglugrup.com\/index.php\/alisveris\/","title":{"rendered":"Al\u0131\u015fveri\u015f Merkezi"},"content":{"rendered":"<div class=\"ui--title ui--animation ui--title-bordered text-center\"><div class=\"ui--title-holder\"><h1 class=\"ui--title-text\">Al\u0131\u015fveri\u015f Merkezi<\/h1><div class=\"ui--title-borders ui--title-border-left\"><\/div><div class=\"ui--title-borders ui--title-border-right\"><\/div><\/div><\/div><div class=\"auto-format ui--animation\"><p><strong>ALI\u015eVER\u0130\u015e MERKEZ\u0130 Y\u00d6NET\u0130M\u0130  &#8211;  Kastamonu Barut\u00e7uo\u011flu AVM<\/strong><br \/>\nGrup \u015eirketlerimizden Barut\u00e7uo\u011flu \u0130n\u015faat taraf\u0131ndan 2006 y\u0131l\u0131nda in\u015faat\u0131 tamamlanan Barut\u00e7uo\u011flu AVM kaliteli , huzurlu bir ortamda misafirlerini a\u011f\u0131rlamaya devam ediyor.<\/p>\n<p><strong>S\u0130NEMA &#038; E\u011eLENCE  &#8211; Barut\u00e7uo\u011flu Sinemalar\u0131<\/strong><br \/>\nBarut\u00e7uo\u011flu AVM i\u00e7inde yer alan Barut\u00e7uo\u011flu Sinemalar\u0131 \u015firketimizi taraf\u0131ndan i\u015fletilmekte olup , b\u00fcnyesinde bulunan 5 salon ile misafirlerine hizmet vermektedir.<\/p>\n<\/div><div id=\"ui--gallery-1\" class=\"ui--gallery ui--pass\" data-columns=\"5\"><div class=\"unstyled-all clearfix ui--gallery-wrapper columns-5 \"><div class=\"ui-fluid-columns ui-fluid-columns-5 ui-row row\">\n <div   class=\"ui-column ui-fluid-column\"><div class=\"ui--gallery-item ui--animation\"><div class=\"inner\"><a href=\"http:\/\/www.barutcuoglugrup.com\/wp-content\/uploads\/2018\/09\/20180910_130927.jpg\" target=\"_blank\" data-rel=\"prettyPhoto[ui--gallery-1]\"><img src=\"http:\/\/www.barutcuoglugrup.com\/wp-content\/uploads\/2018\/09\/20180910_130927-500x500.jpg\" class=\"\" alt=\"Al\u0131\u015fveri\u015f Merkezi\"\/><div class=\"ui--gallery-overlay\"><div class=\"center\"><span class=\"btn btn-normal btn-icon-left btn-grey ui--animation\" href=\"#\" style=\"\"><i class=\"ui--icon fontawesome-fullscreen\"><\/i><\/span> <\/div><\/div><\/a><\/div><\/div><\/div> \n\n <div   class=\"ui-column ui-fluid-column\"><div class=\"ui--gallery-item ui--animation\"><div class=\"inner\"><a href=\"http:\/\/www.barutcuoglugrup.com\/wp-content\/uploads\/2018\/09\/20180910_131052.jpg\" target=\"_blank\" data-rel=\"prettyPhoto[ui--gallery-1]\"><img src=\"http:\/\/www.barutcuoglugrup.com\/wp-content\/uploads\/2018\/09\/20180910_131052-500x500.jpg\" class=\"\" alt=\"Al\u0131\u015fveri\u015f Merkezi\"\/><div class=\"ui--gallery-overlay\"><div class=\"center\"><span class=\"btn btn-normal btn-icon-left btn-grey ui--animation\" href=\"#\" style=\"\"><i class=\"ui--icon fontawesome-fullscreen\"><\/i><\/span> <\/div><\/div><\/a><\/div><\/div><\/div> \n\n <div   class=\"ui-column ui-fluid-column\"><div class=\"ui--gallery-item ui--animation\"><div class=\"inner\"><a href=\"http:\/\/www.barutcuoglugrup.com\/wp-content\/uploads\/2018\/09\/20180910_130408.jpg\" target=\"_blank\" data-rel=\"prettyPhoto[ui--gallery-1]\"><img src=\"http:\/\/www.barutcuoglugrup.com\/wp-content\/uploads\/2018\/09\/20180910_130408-500x500.jpg\" class=\"\" alt=\"Al\u0131\u015fveri\u015f Merkezi\"\/><div class=\"ui--gallery-overlay\"><div class=\"center\"><span class=\"btn btn-normal btn-icon-left btn-grey ui--animation\" href=\"#\" style=\"\"><i class=\"ui--icon fontawesome-fullscreen\"><\/i><\/span> <\/div><\/div><\/a><\/div><\/div><\/div> \n\n <div   class=\"ui-column ui-fluid-column\"><div class=\"ui--gallery-item ui--animation\"><div class=\"inner\"><a href=\"http:\/\/www.barutcuoglugrup.com\/wp-content\/uploads\/2018\/09\/20180910_131202.jpg\" target=\"_blank\" data-rel=\"prettyPhoto[ui--gallery-1]\"><img src=\"http:\/\/www.barutcuoglugrup.com\/wp-content\/uploads\/2018\/09\/20180910_131202-500x500.jpg\" class=\"\" alt=\"Al\u0131\u015fveri\u015f Merkezi\"\/><div class=\"ui--gallery-overlay\"><div class=\"center\"><span class=\"btn btn-normal btn-icon-left btn-grey ui--animation\" href=\"#\" style=\"\"><i class=\"ui--icon fontawesome-fullscreen\"><\/i><\/span> <\/div><\/div><\/a><\/div><\/div><\/div> \n\n <div   class=\"ui-column ui-fluid-column last\"><div class=\"ui--gallery-item ui--animation\"><div class=\"inner\"><a href=\"http:\/\/www.barutcuoglugrup.com\/wp-content\/uploads\/2018\/09\/20180910_130351.jpg\" target=\"_blank\" data-rel=\"prettyPhoto[ui--gallery-1]\"><img src=\"http:\/\/www.barutcuoglugrup.com\/wp-content\/uploads\/2018\/09\/20180910_130351-500x500.jpg\" class=\"\" alt=\"Al\u0131\u015fveri\u015f Merkezi\"\/><div class=\"ui--gallery-overlay\"><div class=\"center\"><span class=\"btn btn-normal btn-icon-left btn-grey ui--animation\" href=\"#\" style=\"\"><i class=\"ui--icon fontawesome-fullscreen\"><\/i><\/span> <\/div><\/div><\/a><\/div><\/div><\/div> \n\n<\/div> \n<\/div><div class=\"clearfix\"><\/div><\/div>","protected":false},"excerpt":{"rendered":"<p>Al\u0131\u015fveri\u015f MerkeziALI\u015eVER\u0130\u015e MERKEZ\u0130 Y\u00d6NET\u0130M\u0130 &#8211; Kastamonu Barut\u00e7uo\u011flu AVM Grup \u015eirketlerimizden Barut\u00e7uo\u011flu \u0130n\u015faat taraf\u0131ndan 2006 y\u0131l\u0131nda in\u015faat\u0131 tamamlanan Barut\u00e7uo\u011flu AVM kaliteli , huzurlu bir ortamda misafirlerini a\u011f\u0131rlamaya devam ediyor. S\u0130NEMA &#038; E\u011eLENCE &#8211; Barut\u00e7uo\u011flu Sinemalar\u0131 Barut\u00e7uo\u011flu AVM i\u00e7inde yer alan Barut\u00e7uo\u011flu Sinemalar\u0131 \u015firketimizi taraf\u0131ndan i\u015fletilmekte olup , b\u00fcnyesinde bulunan 5 salon ile misafirlerine hizmet vermektedir.<\/p>\n","protected":false},"author":1,"featured_media":0,"parent":0,"menu_order":0,"comment_status":"closed","ping_status":"closed","template":"","meta":[],"_links":{"self":[{"href":"https:\/\/www.barutcuoglugrup.com\/index.php\/wp-json\/wp\/v2\/pages\/1616"}],"collection":[{"href":"https:\/\/www.barutcuoglugrup.com\/index.php\/wp-json\/wp\/v2\/pages"}],"about":[{"href":"https:\/\/www.barutcuoglugrup.com\/index.php\/wp-json\/wp\/v2\/types\/page"}],"author":[{"embeddable":true,"href":"https:\/\/www.barutcuoglugrup.com\/index.php\/wp-json\/wp\/v2\/users\/1"}],"replies":[{"embeddable":true,"href":"https:\/\/www.barutcuoglugrup.com\/index.php\/wp-json\/wp\/v2\/comments?post=1616"}],"version-history":[{"count":0,"href":"https:\/\/www.barutcuoglugrup.com\/index.php\/wp-json\/wp\/v2\/pages\/1616\/revisions"}],"wp:attachment":[{"href":"https:\/\/www.barutcuoglugrup.com\/index.php\/wp-json\/wp\/v2\/media?parent=1616"}],"curies":[{"name":"wp","href":"https:\/\/api.w.org\/{rel}","templated":true}]}}