{"id":1618,"date":"2018-08-30T00:54:34","date_gmt":"2018-08-29T21:54:34","guid":{"rendered":"http:\/\/www.barutcuoglugrup.com\/?page_id=1618"},"modified":"2018-08-30T00:54:57","modified_gmt":"2018-08-29T21:54:57","slug":"tekstil","status":"publish","type":"page","link":"https:\/\/www.barutcuoglugrup.com\/index.php\/tekstil\/","title":{"rendered":"Tekstil"},"content":{"rendered":"<div class=\"ui--title ui--animation ui--title-bordered text-center\"><div class=\"ui--title-holder\"><h1 class=\"ui--title-text\">Tekstil<\/h1><div class=\"ui--title-borders ui--title-border-left\"><\/div><div class=\"ui--title-borders ui--title-border-right\"><\/div><\/div><\/div><div class=\"auto-format ui--animation\"><p style=\"font-size:18px\"><strong>TEKST\u0130L  &#8211; Barut\u00e7uo\u011flu AVM Taraftar Store<\/strong><br \/>\nBarut\u00e7uo\u011flu AVM b\u00fcnyesinde bulunan Taraftar Store tekstil alan\u0131nda hizmet vermektedir.<\/p>\n<\/div>","protected":false},"excerpt":{"rendered":"<p>TekstilTEKST\u0130L &#8211; Barut\u00e7uo\u011flu AVM Taraftar Store Barut\u00e7uo\u011flu AVM b\u00fcnyesinde bulunan Taraftar Store tekstil alan\u0131nda hizmet vermektedir.<\/p>\n","protected":false},"author":1,"featured_media":0,"parent":0,"menu_order":0,"comment_status":"closed","ping_status":"closed","template":"","meta":[],"_links":{"self":[{"href":"https:\/\/www.barutcuoglugrup.com\/index.php\/wp-json\/wp\/v2\/pages\/1618"}],"collection":[{"href":"https:\/\/www.barutcuoglugrup.com\/index.php\/wp-json\/wp\/v2\/pages"}],"about":[{"href":"https:\/\/www.barutcuoglugrup.com\/index.php\/wp-json\/wp\/v2\/types\/page"}],"author":[{"embeddable":true,"href":"https:\/\/www.barutcuoglugrup.com\/index.php\/wp-json\/wp\/v2\/users\/1"}],"replies":[{"embeddable":true,"href":"https:\/\/www.barutcuoglugrup.com\/index.php\/wp-json\/wp\/v2\/comments?post=1618"}],"version-history":[{"count":0,"href":"https:\/\/www.barutcuoglugrup.com\/index.php\/wp-json\/wp\/v2\/pages\/1618\/revisions"}],"wp:attachment":[{"href":"https:\/\/www.barutcuoglugrup.com\/index.php\/wp-json\/wp\/v2\/media?parent=1618"}],"curies":[{"name":"wp","href":"https:\/\/api.w.org\/{rel}","templated":true}]}}