{"id":1677,"date":"2020-12-07T18:20:17","date_gmt":"2020-12-07T15:20:17","guid":{"rendered":"https:\/\/www.barutcuoglugrup.com\/?page_id=1677"},"modified":"2020-12-07T18:22:14","modified_gmt":"2020-12-07T15:22:14","slug":"enerji-atik-yonetimi","status":"publish","type":"page","link":"https:\/\/www.barutcuoglugrup.com\/index.php\/enerji-atik-yonetimi\/","title":{"rendered":"Enerji &#038; At\u0131k Y\u00f6netimi"},"content":{"rendered":"<p>&nbsp;<\/p>\n<p>&nbsp;<\/p>\n<p>Enerji\u00a0 &amp; Kat\u0131 At\u0131k Y\u00f6netim Grubu<\/p>\n<p><strong>Barut\u00e7uo\u011flu Biyok\u00fctle Enerji Santrali \/ Karab\u00fck<\/strong><\/p>\n<p><strong>Barut\u00e7uo\u011flu Kat\u0131 At\u0131k Y\u00f6netim Sistemleri \/ Karab\u00fck<\/strong><\/p>\n<p><strong>\u00a0<\/strong><\/p>\n<p><strong>Barut\u00e7uo\u011flu Enerji olarak , Barut\u00e7uo\u011flu BES ile yakla\u015f\u0131k 3.0 MW enerji \u00fcretimi ile y\u0131lda 24.000.000. KWH \u2018lik bir \u00fcretim hedeflemekteyiz.<\/strong><\/p>\n<p><strong>Barut\u00e7uo\u011flu Kat\u0131 At\u0131k Y\u00f6netim Grubu olarak , bulundu\u011fumuz b\u00f6lgede uhdemizde bulunan t\u00fcm at\u0131klar\u0131n ayr\u0131\u015fmas\u0131,dengelenmesi ve geri d\u00f6n\u00fc\u015f\u00fcmlerini sa\u011flamay\u0131 ama\u00e7lamaktay\u0131z. G\u00fcnl\u00fck 500 ton kapasiteli son teknoloji sistemlerimiz ile , \u00e7evreyi korumaya ve gelece\u011fimizi g\u00fcvence alt\u0131na almaya devam edece\u011fiz.<\/strong><\/p>\n<p>&nbsp;<\/p>\n<p><img decoding=\"async\" loading=\"lazy\" class=\"alignnone size-medium wp-image-1680\" src=\"https:\/\/www.barutcuoglugrup.com\/wp-content\/uploads\/2020\/12\/enerjiy-300x182.jpg\" alt=\"\" width=\"300\" height=\"182\" srcset=\"https:\/\/www.barutcuoglugrup.com\/wp-content\/uploads\/2020\/12\/enerjiy-300x182.jpg 300w, https:\/\/www.barutcuoglugrup.com\/wp-content\/uploads\/2020\/12\/enerjiy.jpg 626w\" sizes=\"(max-width: 300px) 100vw, 300px\" \/><\/p>\n","protected":false},"excerpt":{"rendered":"<p>&nbsp; &nbsp; Enerji\u00a0 &amp; Kat\u0131 At\u0131k Y\u00f6netim Grubu Barut\u00e7uo\u011flu Biyok\u00fctle Enerji Santrali \/ Karab\u00fck Barut\u00e7uo\u011flu Kat\u0131 At\u0131k Y\u00f6netim Sistemleri \/ Karab\u00fck \u00a0 Barut\u00e7uo\u011flu Enerji olarak , Barut\u00e7uo\u011flu BES ile yakla\u015f\u0131k 3.0 MW enerji \u00fcretimi ile y\u0131lda 24.000.000. KWH \u2018lik bir \u00fcretim hedeflemekteyiz. Barut\u00e7uo\u011flu Kat\u0131 At\u0131k Y\u00f6netim Grubu olarak , bulundu\u011fumuz b\u00f6lgede uhdemizde bulunan t\u00fcm at\u0131klar\u0131n [&hellip;]<\/p>\n","protected":false},"author":1,"featured_media":0,"parent":0,"menu_order":0,"comment_status":"closed","ping_status":"closed","template":"","meta":[],"_links":{"self":[{"href":"https:\/\/www.barutcuoglugrup.com\/index.php\/wp-json\/wp\/v2\/pages\/1677"}],"collection":[{"href":"https:\/\/www.barutcuoglugrup.com\/index.php\/wp-json\/wp\/v2\/pages"}],"about":[{"href":"https:\/\/www.barutcuoglugrup.com\/index.php\/wp-json\/wp\/v2\/types\/page"}],"author":[{"embeddable":true,"href":"https:\/\/www.barutcuoglugrup.com\/index.php\/wp-json\/wp\/v2\/users\/1"}],"replies":[{"embeddable":true,"href":"https:\/\/www.barutcuoglugrup.com\/index.php\/wp-json\/wp\/v2\/comments?post=1677"}],"version-history":[{"count":0,"href":"https:\/\/www.barutcuoglugrup.com\/index.php\/wp-json\/wp\/v2\/pages\/1677\/revisions"}],"wp:attachment":[{"href":"https:\/\/www.barutcuoglugrup.com\/index.php\/wp-json\/wp\/v2\/media?parent=1677"}],"curies":[{"name":"wp","href":"https:\/\/api.w.org\/{rel}","templated":true}]}}