{"id":370,"date":"2013-08-21T22:24:05","date_gmt":"2013-08-21T22:24:05","guid":{"rendered":"http:\/\/envision.wptation.com\/?page_id=370"},"modified":"2018-06-06T01:30:30","modified_gmt":"2018-06-05T22:30:30","slug":"contact-2","status":"publish","type":"page","link":"https:\/\/www.barutcuoglugrup.com\/index.php\/contact-2\/","title":{"rendered":"\u0130leti\u015fim"},"content":{"rendered":"<div  class=\"fullwidth-content ui--section clearfix\" style=\"margin-bottom: -12px;\"><div  class=\"ui--section-content\"><div class=\"container\"><div class=\"ui--title ui--animation ui--title-bordered text-left\"><div class=\"ui--title-holder\"><h5 class=\"ui--title-text\">Merkez <\/h5><div class=\"ui--title-borders ui--title-border-left\"><\/div><div class=\"ui--title-borders ui--title-border-right\"><\/div><\/div><\/div><div class=\"ui-row row\">\n <div   class=\"ui-column span4\"><div  class=\"ui--icon-box position--left\"><span class=\"ui--icon-box-icon ui--animation\"><i class=\"ui--icon fontawesome-map-marker icon-inline-block icon-with-background radius-circle\" style=\"font-size: 28px;  width: 32px;  height: 32px;  color: #333333 !important;  border-width: 3px;  border-style: solid;\"><\/i><\/span><div  class=\"ui--icon-box-content\"><h4 class=\"ui--icon-box-title ui--animation text-left\" data-fx=\"fx--no-effect\"><span ><strong>Adres<\/strong><\/span><\/h4><div  class=\"ui--animation ui--icon-box-text text-left\" data-fx=\"fx--no-effect\"><p><strong><a style=\"color:#1c1c1c\" href=\"https:\/\/goo.gl\/maps\/oX3pGq6HwXT2\">Turgutreis Cad. No:5\/4 Tando\u011fan\/Ankara<\/a><\/font><\/p>\n<\/div><\/div><\/div><\/div> \n\n <div   class=\"ui-column span4\"><div  class=\"ui--icon-box position--left\"><span class=\"ui--icon-box-icon ui--animation\"><i class=\"ui--icon fontawesome-phone icon-inline-block icon-with-background radius-circle\" style=\"font-size: 28px;  width: 32px;  height: 32px;  color: #333333 !important;  border-width: 3px;  border-style: solid;\"><\/i><\/span><div  class=\"ui--icon-box-content\"><h4 class=\"ui--icon-box-title ui--animation text-left\" data-fx=\"fx--no-effect\"><span ><strong>Telefon<\/strong><\/span><\/h4><div  class=\"ui--animation ui--icon-box-text text-left\" data-fx=\"fx--no-effect\"><p><strong><a style=\"color:#1c1c1c\" href=\"tel:0312 223 52 14\">Tel: 0312 223 52 14<\/a> &#8211; <a style=\"color:#1c1c1c\" href=\"tel:0312 221 34 88\">0312 221 34 88<\/a><\/strong><br \/>\n<strong><a style=\"color:#1c1c1c\" href=\"tel:0541 457 39 62\">Gsm: 0541 457 39 62<\/a> &#8211; <a style=\"color:#1c1c1c\" href=\"tel:0533 459 42 46\">0533 459 42 46<\/a><\/strong><\/p>\n<\/div><\/div><\/div><\/div> \n\n <div   class=\"ui-column span4\"><div  class=\"ui--icon-box position--left\"><span class=\"ui--icon-box-icon ui--animation\"><i class=\"ui--icon icomoon-print-3 icon-inline-block icon-with-background radius-circle\" style=\"font-size: 28px;  width: 32px;  height: 32px;  color: #333333 !important;  border-width: 3px;  border-style: solid;\"><\/i><\/span><div  class=\"ui--icon-box-content\"><h4 class=\"ui--icon-box-title ui--animation text-left\" data-fx=\"fx--no-effect\"><span ><strong>Fax<\/strong><\/span><\/h4><div  class=\"ui--animation ui--icon-box-text text-left\" data-fx=\"fx--no-effect\"><p><strong>Fax: 0312 221 33 31<\/a><\/strong><\/p>\n<\/div><\/div><\/div><\/div> \n\n<\/div> \n<div class=\"auto-format ui--animation\"><p><iframe src=\"https:\/\/www.google.com\/maps\/embed?pb=!1m18!1m12!1m3!1d1286.2847309783947!2d32.83535556208462!3d39.93427809528187!2m3!1f0!2f0!3f0!3m2!1i1024!2i768!4f13.1!3m3!1m2!1s0x14d34ee68710472d%3A0x81c123788aa00dc1!2sMebusevleri+Mh.%2C+Turgut+Reis+Cd.+No%3A5%2C+06570+%C3%87ankaya%2FAnkara!5e0!3m2!1str!2str!4v1535580084099\" width=\"100%\" height=\"250\" frameborder=\"0\" style=\"border:0\" allowfullscreen><\/iframe><\/p>\n<\/div><\/div><\/div><\/div><!-- \/.fullwidth-container --><div  class=\"fullwidth-content ui--section clearfix\" style=\"margin-bottom: -12px;\"><div  class=\"ui--section-content\"><div class=\"container\"><div class=\"ui--title ui--animation ui--title-bordered text-left\"><div class=\"ui--title-holder\"><h5 class=\"ui--title-text\">Kastamonu AVM<\/h5><div class=\"ui--title-borders ui--title-border-left\"><\/div><div class=\"ui--title-borders ui--title-border-right\"><\/div><\/div><\/div><div class=\"ui-row row\">\n <div   class=\"ui-column span4\"><div  class=\"ui--icon-box position--left\"><span class=\"ui--icon-box-icon ui--animation\"><i class=\"ui--icon fontawesome-map-marker icon-inline-block icon-with-background radius-circle\" style=\"font-size: 28px;  width: 32px;  height: 32px;  color: #333333 !important;  border-width: 3px;  border-style: solid;\"><\/i><\/span><div  class=\"ui--icon-box-content\"><h4 class=\"ui--icon-box-title ui--animation text-left\" data-fx=\"fx--no-effect\"><span ><strong>Adres<\/strong><\/span><\/h4><div  class=\"ui--animation ui--icon-box-text text-left\" data-fx=\"fx--no-effect\"><p><strong><a href=\"https:\/\/goo.gl\/maps\/tDCe55KAeuq\" style=\"color:#1c1c1c\">Aktekke Mh. Yal\u00e7\u0131n Cd. Barut\u00e7uo\u011flu Plaza KAT:2\/7 Kastamonu\/MERKEZ<\/a><\/strong><\/p>\n<\/div><\/div><\/div><\/div> \n\n <div   class=\"ui-column span4\"><div  class=\"ui--icon-box position--left\"><span class=\"ui--icon-box-icon ui--animation\"><i class=\"ui--icon fontawesome-phone icon-inline-block icon-with-background radius-circle\" style=\"font-size: 28px;  width: 32px;  height: 32px;  color: #333333 !important;  border-width: 3px;  border-style: solid;\"><\/i><\/span><div  class=\"ui--icon-box-content\"><h4 class=\"ui--icon-box-title ui--animation text-left\" data-fx=\"fx--no-effect\"><span ><strong>Telefon<\/strong><\/span><\/h4><div  class=\"ui--animation ui--icon-box-text text-left\" data-fx=\"fx--no-effect\"><p><strong>Tel: <a style=\"color:#1c1c1c\" href=\"tel:0366 212 55 66\">0366 212 55 66<\/a><\/strong><\/p>\n<\/div><\/div><\/div><\/div> \n\n <div   class=\"ui-column span4\"><div  class=\"ui--icon-box position--left\"><span class=\"ui--icon-box-icon ui--animation\"><i class=\"ui--icon fontawesome-envelope icon-inline-block icon-with-background radius-circle\" style=\"font-size: 28px;  width: 32px;  height: 32px;  color: #333333 !important;  border-width: 3px;  border-style: solid;\"><\/i><\/span><div  class=\"ui--icon-box-content\"><h4 class=\"ui--icon-box-title ui--animation text-left\" data-fx=\"fx--no-effect\"><span ><strong>E-Mail<\/strong><\/span><\/h4><div  class=\"ui--animation ui--icon-box-text text-left\" data-fx=\"fx--no-effect\"><p><a style=\"color:#1c1c1c\" href=\"mailto:destek@barutcuoglugrup.com\"><strong>destek@barutcuoglugrup.com<\/strong><\/a><\/p>\n<\/div><\/div><\/div><\/div> \n\n<\/div> \n<div class=\"auto-format ui--animation\"><p><iframe src=\"https:\/\/www.google.com\/maps\/embed?pb=!1m18!1m12!1m3!1d445.000592383409!2d33.779219541359026!3d41.38287826079171!2m3!1f0!2f0!3f0!3m2!1i1024!2i768!4f13.1!3m3!1m2!1s0x0%3A0x1d674edcc8cb33bc!2zQmFydXTDp3VvxJ9sdSBTaW5lbWFzxLE!5e0!3m2!1str!2str!4v1535580201069\" width=\"100%\" height=\"250\" frameborder=\"0\" style=\"border:0\" allowfullscreen><\/iframe><\/p>\n<\/div><\/div><\/div><\/div><!-- \/.fullwidth-container --><div  class=\"fullwidth-content ui--section clearfix\" style=\"margin-bottom: -12px;\"><div  class=\"ui--section-content\"><div class=\"container\"><div class=\"ui--title ui--animation ui--title-bordered text-left\"><div class=\"ui--title-holder\"><h5 class=\"ui--title-text\">Barog Turizm \u0130n\u015faat Petrol San.ve Tic.A.\u015e. <\/h5><div class=\"ui--title-borders ui--title-border-left\"><\/div><div class=\"ui--title-borders ui--title-border-right\"><\/div><\/div><\/div><div class=\"ui-row row\">\n <div   class=\"ui-column span4\"><div  class=\"ui--icon-box position--left\"><span class=\"ui--icon-box-icon ui--animation\"><i class=\"ui--icon fontawesome-map-marker icon-inline-block icon-with-background radius-circle\" style=\"font-size: 28px;  width: 32px;  height: 32px;  color: #333333 !important;  border-width: 3px;  border-style: solid;\"><\/i><\/span><div  class=\"ui--icon-box-content\"><h4 class=\"ui--icon-box-title ui--animation text-left\" data-fx=\"fx--no-effect\"><span ><strong>Adres<\/strong><\/span><\/h4><div  class=\"ui--animation ui--icon-box-text text-left\" data-fx=\"fx--no-effect\"><p><strong><a style=\"color:#1c1c1c\" href=\"https:\/\/goo.gl\/maps\/DvMitE8nzcE2\">Musalla Mah. 1016 Sk. No.2\/33-F Marina Mevkii \u00c7e\u015fme\/\u0130ZM\u0130R<\/a><\/font><\/p>\n<\/div><\/div><\/div><\/div> \n\n <div   class=\"ui-column span4\"><div  class=\"ui--icon-box position--left\"><span class=\"ui--icon-box-icon ui--animation\"><i class=\"ui--icon fontawesome-phone icon-inline-block icon-with-background radius-circle\" style=\"font-size: 28px;  width: 32px;  height: 32px;  color: #333333 !important;  border-width: 3px;  border-style: solid;\"><\/i><\/span><div  class=\"ui--icon-box-content\"><h4 class=\"ui--icon-box-title ui--animation text-left\" data-fx=\"fx--no-effect\"><span ><strong>Telefon<\/strong><\/span><\/h4><div  class=\"ui--animation ui--icon-box-text text-left\" data-fx=\"fx--no-effect\"><p><strong><a style=\"color:#1c1c1c\" href=\"tel:0232 712 71 10\">Tel: 0232 712 71 10<\/a><\/strong><br \/>\n<strong>Fax: 0232 712 71 00<\/a><\/strong><\/p>\n<\/div><\/div><\/div><\/div> \n\n <div   class=\"ui-column span4\"><div  class=\"ui--icon-box position--left\"><span class=\"ui--icon-box-icon ui--animation\"><i class=\"ui--icon fontawesome-envelope icon-inline-block icon-with-background radius-circle\" style=\"font-size: 28px;  width: 32px;  height: 32px;  color: #333333 !important;  border-width: 3px;  border-style: solid;\"><\/i><\/span><div  class=\"ui--icon-box-content\"><h4 class=\"ui--icon-box-title ui--animation text-left\" data-fx=\"fx--no-effect\"><span ><strong>E-Mail<\/strong><\/span><\/h4><div  class=\"ui--animation ui--icon-box-text text-left\" data-fx=\"fx--no-effect\"><p><a style=\"color:#1c1c1c\" href=\"mailto:destek@barutcuoglugrup.com\"><strong>destek@barutcuoglugrup.com<\/strong><\/a><\/p>\n<\/div><\/div><\/div><\/div> \n\n<\/div> \n<div class=\"auto-format ui--animation\"><p><iframe src=\"https:\/\/www.google.com\/maps\/embed?pb=!1m18!1m12!1m3!1d1316.105325209558!2d26.301861768051847!3d38.32018861752244!2m3!1f0!2f0!3f0!3m2!1i1024!2i768!4f13.1!3m3!1m2!1s0x14bb7bca8c74d013%3A0x6de465729c55753f!2zTXVzYWxsYSBNYWhhbGxlc2ksIDEwMTYuIFNrLiBObzoyLCAzNTkzMCDDh2XFn21lL8Swem1pcg!5e0!3m2!1str!2str!4v1535580241099\" width=\"100%\" height=\"250\" frameborder=\"0\" style=\"border:0\" allowfullscreen><\/iframe><\/p>\n<\/div><\/div><\/div><\/div><!-- \/.fullwidth-container -->","protected":false},"excerpt":{"rendered":"<p>Merkez AdresTurgutreis Cad. No:5\/4 Tando\u011fan\/Ankara TelefonTel: 0312 223 52 14 &#8211; 0312 221 34 88 Gsm: 0541 457 39 62 &#8211; 0533 459 42 46 FaxFax: 0312 221 33 31 Kastamonu AVM AdresAktekke Mh. Yal\u00e7\u0131n Cd. Barut\u00e7uo\u011flu Plaza KAT:2\/7 Kastamonu\/MERKEZ TelefonTel: 0366 212 55 66 E-Maildestek@barutcuoglugrup.com Barog Turizm \u0130n\u015faat Petrol San.ve Tic.A.\u015e. AdresMusalla Mah. 1016 [&hellip;]<\/p>\n","protected":false},"author":1,"featured_media":0,"parent":0,"menu_order":0,"comment_status":"open","ping_status":"open","template":"","meta":[],"_links":{"self":[{"href":"https:\/\/www.barutcuoglugrup.com\/index.php\/wp-json\/wp\/v2\/pages\/370"}],"collection":[{"href":"https:\/\/www.barutcuoglugrup.com\/index.php\/wp-json\/wp\/v2\/pages"}],"about":[{"href":"https:\/\/www.barutcuoglugrup.com\/index.php\/wp-json\/wp\/v2\/types\/page"}],"author":[{"embeddable":true,"href":"https:\/\/www.barutcuoglugrup.com\/index.php\/wp-json\/wp\/v2\/users\/1"}],"replies":[{"embeddable":true,"href":"https:\/\/www.barutcuoglugrup.com\/index.php\/wp-json\/wp\/v2\/comments?post=370"}],"version-history":[{"count":0,"href":"https:\/\/www.barutcuoglugrup.com\/index.php\/wp-json\/wp\/v2\/pages\/370\/revisions"}],"wp:attachment":[{"href":"https:\/\/www.barutcuoglugrup.com\/index.php\/wp-json\/wp\/v2\/media?parent=370"}],"curies":[{"name":"wp","href":"https:\/\/api.w.org\/{rel}","templated":true}]}}