{"id":702,"date":"2013-09-04T07:30:58","date_gmt":"2013-09-04T07:30:58","guid":{"rendered":"http:\/\/envision.wptation.com\/?page_id=702"},"modified":"2022-12-30T00:47:26","modified_gmt":"2022-12-29T21:47:26","slug":"homepage-v4","status":"publish","type":"page","link":"https:\/\/www.barutcuoglugrup.com\/","title":{"rendered":"Anasayfa"},"content":{"rendered":"<div  class=\"ui--animation-in make--fx--fadein-ttb ui--pass clearfix\" data-fx=\"fx--fadein-ttb\" data-delay=\"400\" data-start-delay=\"200\"><div class=\"ui-row row\">\n <div   class=\"ui-column span4\"><div class=\"ui--box-widget\"><div class=\"ui--block ui--content-item ui--pass ui--animation\"><div  class=\"ui--content-box ui--box ui-row\"><div class=\"ui--content-box-header\"><div class=\"ui--content-box-media effect--slide-btt type--image-hover clearfix\" style=\"padding-bottom: 56.25%;\"><a class=\"ui--content-box-link\" href=\"http:\/\/www.barutcuoglugrup.com\/index.php\/insaat\/\"><div class=\"ui--content-box-image-default\"><img  class=\"ui--content-box-image\" src=\"http:\/\/www.barutcuoglugrup.com\/wp-content\/uploads\/2018\/06\/IMG_6061-570x321.jpg\" alt=\"\" title=\"\"\/><\/div><div class=\"ui--content-box-overlay\"><div class=\"ui--content-box-overlay-image\"><img  class=\"ui--content-box-image\" src=\"http:\/\/www.barutcuoglugrup.com\/wp-content\/uploads\/2018\/06\/IMG_6062-570x321.jpg\" alt=\"\" title=\"\"\/><\/div><\/div><\/a><\/div><a class=\"ui--content-box-link\" href=\"http:\/\/www.barutcuoglugrup.com\/index.php\/insaat\/\"><div class=\"ui--content-box-title ui--gradient ui--gradient-grey on--hover clearfix text-center\"><h5 class=\"ui--content-box-title-text\"><strong>\u0130n\u015faat<\/strong><\/h5><\/div><\/a><\/div><\/div><div class=\"ui--shadow ui--shadow-type-8 ui--shadow-abs ui--shadow-reset clearfix\"><img src=\"https:\/\/www.barutcuoglugrup.com\/wp-content\/themes\/envision\/includes\/modules\/module.shadow\/shadows\/shadow-8.png\" alt=\"shadow\" \/><\/div><\/div><\/div><\/div> \n\n <div   class=\"ui-column span4\"><div class=\"ui--box-widget\"><div class=\"ui--block ui--content-item ui--pass ui--animation\"><div  class=\"ui--content-box ui--box ui-row\"><div class=\"ui--content-box-header\"><div class=\"ui--content-box-media effect--slide-btt type--image-hover clearfix\" style=\"padding-bottom: 56.25%;\"><a class=\"ui--content-box-link\" href=\"http:\/\/www.barutcuoglugrup.com\/index.php\/marina\/\"><div class=\"ui--content-box-image-default\"><img  class=\"ui--content-box-image\" src=\"http:\/\/www.barutcuoglugrup.com\/wp-content\/uploads\/2018\/09\/PSO3690-1-570x321.jpg\" alt=\"\" title=\"\"\/><\/div><div class=\"ui--content-box-overlay\"><div class=\"ui--content-box-overlay-image\"><img  class=\"ui--content-box-image\" src=\"http:\/\/www.barutcuoglugrup.com\/wp-content\/uploads\/2018\/09\/PSO4396-1-570x321.jpg\" alt=\"\" title=\"\"\/><\/div><\/div><\/a><\/div><a class=\"ui--content-box-link\" href=\"http:\/\/www.barutcuoglugrup.com\/index.php\/marina\/\"><div class=\"ui--content-box-title ui--gradient ui--gradient-grey on--hover clearfix text-center\"><h5 class=\"ui--content-box-title-text\"><strong>Marina<\/strong><\/h5><\/div><\/a><\/div><\/div><div class=\"ui--shadow ui--shadow-type-8 ui--shadow-abs ui--shadow-reset clearfix\"><img src=\"https:\/\/www.barutcuoglugrup.com\/wp-content\/themes\/envision\/includes\/modules\/module.shadow\/shadows\/shadow-8.png\" alt=\"shadow\" \/><\/div><\/div><\/div><\/div> \n\n <div   class=\"ui-column span4\"><div class=\"ui--box-widget\"><div class=\"ui--block ui--content-item ui--pass ui--animation\"><div  class=\"ui--content-box ui--box ui-row\"><div class=\"ui--content-box-header\"><div class=\"ui--content-box-media effect--slide-btt type--image-hover clearfix\" style=\"padding-bottom: 56.25%;\"><a class=\"ui--content-box-link\" href=\"http:\/\/www.barutcuoglugrup.com\/index.php\/alisveris\/\"><div class=\"ui--content-box-image-default\"><img  class=\"ui--content-box-image\" src=\"http:\/\/www.barutcuoglugrup.com\/wp-content\/uploads\/2018\/09\/20180910_130927-1-570x321.jpg\" alt=\"\" title=\"\"\/><\/div><div class=\"ui--content-box-overlay\"><div class=\"ui--content-box-overlay-image\"><img  class=\"ui--content-box-image\" src=\"http:\/\/www.barutcuoglugrup.com\/wp-content\/uploads\/2018\/09\/20180910_130351-570x321.jpg\" alt=\"\" title=\"\"\/><\/div><\/div><\/a><\/div><a class=\"ui--content-box-link\" href=\"http:\/\/www.barutcuoglugrup.com\/index.php\/alisveris\/\"><div class=\"ui--content-box-title ui--gradient ui--gradient-grey on--hover clearfix text-center\"><h5 class=\"ui--content-box-title-text\"><strong>Al\u0131\u015fveri\u015f Merkezi<\/strong><\/h5><\/div><\/a><\/div><\/div><div class=\"ui--shadow ui--shadow-type-8 ui--shadow-abs ui--shadow-reset clearfix\"><img src=\"https:\/\/www.barutcuoglugrup.com\/wp-content\/themes\/envision\/includes\/modules\/module.shadow\/shadows\/shadow-8.png\" alt=\"shadow\" \/><\/div><\/div><\/div><\/div> \n\n<\/div> \n<\/div><div  class=\"fullwidth-content ui--section clearfix\" style=\"margin-top: 42px;  margin-bottom: 60px;\"><div  class=\"ui--section-content\"><div class=\"container\"><div class=\"ui-row row\">\n <div   class=\"ui-column span6\"><div  class=\"ui--animation-in make--fx--caption-left ui--pass clearfix\" data-fx=\"fx--caption-left\" data-delay=\"150\" data-start-delay=\"400\"><div class=\"ui--image-wrap clearfix\" style=\"margin-bottom: 0px;\"><img  id=\"ui--image-1\" class=\"ui--image ui--animation\" src=\"http:\/\/www.barutcuoglugrup.com\/wp-content\/uploads\/2018\/09\/20180910_130927-3.jpg\" alt=\"\" title=\"\" data-at2x=\"\"\/><\/div><\/div><\/div> \n\n <div   class=\"ui-column span6\"><div  class=\"ui--animation-in make--fx--caption-right ui--pass clearfix\" data-fx=\"fx--caption-right\" data-delay=\"400\" data-start-delay=\"400\"><h3 id=\"custom-title-h3-1\" class=\"ui--animation \" style=\"\"><strong>Barut\u00e7uo\u011flu Grup<\/strong><\/h3><div class=\"auto-format ui--animation\"><p>1987 y\u0131l\u0131nda U\u011fur Barut ve Dilaver Barut taraf\u0131ndan kurulan firmam\u0131z , ticaret hayat\u0131na in\u015faat yat\u0131r\u0131mlar\u0131 ve m\u00fcteahhitlik hizmetleri ile ba\u015flam\u0131\u015ft\u0131r.<br \/>\nGeride kalan 29 sene i\u00e7inde firmam\u0131z i\u015f alanlar\u0131n\u0131 ve i\u015f hacmini geni\u015fleterek b\u00fcy\u00fcmesini s\u00fcrd\u00fcrm\u00fc\u015ft\u00fcr.<br \/>\n\u015eirketlerimiz in\u015faat alan\u0131nda, kamu projeleri ve \u00f6zel projeleri taahh\u00fct hizmetleri ile birlikte hizmete sunmu\u015ftur.<br \/>\n\u0130n\u015faat \u015firketlerimiz halen alt yap\u0131 ve \u00fcst yap\u0131 projelerinde h\u0131zl\u0131, sorunsuz ve d\u00fcr\u00fcst \u00e7al\u0131\u015fma prensibi ile \u00e7al\u0131\u015fmalar\u0131na devam etmektedir.<br \/>\n\u015eirketimiz halen Barut\u00e7uo\u011flu Grup olarak \u00e7e\u015fitli i\u015f alanlar\u0131nda faaliyet g\u00f6stermektedir.<\/p>\n<\/div><div class=\"text-null\"><ul id=\"socialbar-1\" class=\"ui-socialbar unstyled ss ui-socialbar-style-default effect--slide borderless\"><li class=\"facebook radius-circle ui-socialbar-item ui--animation\" data-fx=\"fx--caption-bottom\"><a href=\"\" class=\"ui-socialbar-image radius-circle\" target=\"_blank\" title=\"Facebook\" rel=\"nofollow\"><span class=\"ui-socialbar-svg \"><svg version=\"1.1\" xmlns=\"http:\/\/www.w3.org\/2000\/svg\" width=\"32\" height=\"32\" viewBox=\"0 0 32 32\">\n\t<path d=\"M19 6h5v-6h-5c-3.86 0-7 3.14-7 7v3h-4v6h4v16h6v-16h5l1-6h-6v-3c0-0.542 0.458-1 1-1z\"><\/path>\n<\/svg>\n<\/span><span class=\"ui-socialbar-svg-hover ui-socialbar-color-bg\"><svg version=\"1.1\" xmlns=\"http:\/\/www.w3.org\/2000\/svg\" width=\"32\" height=\"32\" viewBox=\"0 0 32 32\">\n\t<path d=\"M19 6h5v-6h-5c-3.86 0-7 3.14-7 7v3h-4v6h4v16h6v-16h5l1-6h-6v-3c0-0.542 0.458-1 1-1z\"><\/path>\n<\/svg>\n<\/span><\/a><\/li><li class=\"twitter radius-circle ui-socialbar-item ui--animation\" data-fx=\"fx--caption-bottom\"><a href=\"\" class=\"ui-socialbar-image radius-circle\" target=\"_blank\" title=\"Twitter\" rel=\"nofollow\"><span class=\"ui-socialbar-svg \"><svg version=\"1.1\" xmlns=\"http:\/\/www.w3.org\/2000\/svg\" width=\"32\" height=\"32\" viewBox=\"0 0 32 32\">\n\t<path d=\"M32 7.075c-1.175 0.525-2.444 0.875-3.769 1.031 1.356-0.813 2.394-2.1 2.887-3.631-1.269 0.75-2.675 1.3-4.169 1.594-1.2-1.275-2.906-2.069-4.794-2.069-3.625 0-6.563 2.938-6.563 6.563 0 0.512 0.056 1.012 0.169 1.494-5.456-0.275-10.294-2.888-13.531-6.862-0.563 0.969-0.887 2.1-0.887 3.3 0 2.275 1.156 4.287 2.919 5.463-1.075-0.031-2.087-0.331-2.975-0.819 0 0.025 0 0.056 0 0.081 0 3.181 2.263 5.838 5.269 6.437-0.55 0.15-1.131 0.231-1.731 0.231-0.425 0-0.831-0.044-1.237-0.119 0.838 2.606 3.263 4.506 6.131 4.563-2.25 1.762-5.075 2.813-8.156 2.813-0.531 0-1.050-0.031-1.569-0.094 2.913 1.869 6.362 2.95 10.069 2.95 12.075 0 18.681-10.006 18.681-18.681 0-0.287-0.006-0.569-0.019-0.85 1.281-0.919 2.394-2.075 3.275-3.394z\"><\/path>\n<\/svg>\n<\/span><span class=\"ui-socialbar-svg-hover ui-socialbar-color-bg\"><svg version=\"1.1\" xmlns=\"http:\/\/www.w3.org\/2000\/svg\" width=\"32\" height=\"32\" viewBox=\"0 0 32 32\">\n\t<path d=\"M32 7.075c-1.175 0.525-2.444 0.875-3.769 1.031 1.356-0.813 2.394-2.1 2.887-3.631-1.269 0.75-2.675 1.3-4.169 1.594-1.2-1.275-2.906-2.069-4.794-2.069-3.625 0-6.563 2.938-6.563 6.563 0 0.512 0.056 1.012 0.169 1.494-5.456-0.275-10.294-2.888-13.531-6.862-0.563 0.969-0.887 2.1-0.887 3.3 0 2.275 1.156 4.287 2.919 5.463-1.075-0.031-2.087-0.331-2.975-0.819 0 0.025 0 0.056 0 0.081 0 3.181 2.263 5.838 5.269 6.437-0.55 0.15-1.131 0.231-1.731 0.231-0.425 0-0.831-0.044-1.237-0.119 0.838 2.606 3.263 4.506 6.131 4.563-2.25 1.762-5.075 2.813-8.156 2.813-0.531 0-1.050-0.031-1.569-0.094 2.913 1.869 6.362 2.95 10.069 2.95 12.075 0 18.681-10.006 18.681-18.681 0-0.287-0.006-0.569-0.019-0.85 1.281-0.919 2.394-2.075 3.275-3.394z\"><\/path>\n<\/svg>\n<\/span><\/a><\/li><li class=\"googleplus radius-circle ui-socialbar-item ui--animation\" data-fx=\"fx--caption-bottom\"><a href=\"\" class=\"ui-socialbar-image radius-circle\" target=\"_blank\" title=\"Google Plus\" rel=\"nofollow\"><span class=\"ui-socialbar-svg \"><?xml version=\"1.0\" encoding=\"utf-8\"?>\n<!-- Generator: Adobe Illustrator 21.1.0, SVG Export Plug-In . SVG Version: 6.00 Build 0)  -->\n<svg version=\"1.1\" id=\"Layer_1\" xmlns=\"http:\/\/www.w3.org\/2000\/svg\" xmlns:xlink=\"http:\/\/www.w3.org\/1999\/xlink\" x=\"0px\" y=\"0px\"\n\t viewBox=\"0 0 32 32\" style=\"enable-background:new 0 0 32 32;\" xml:space=\"preserve\">\n<path d=\"M11.9,14.1v4h6.6c-0.3,1.7-2,5-6.6,5c-4,0-7.2-3.3-7.2-7.4s3.3-7.4,7.2-7.4c2.3,0,3.8,1,4.7,1.8l3.2-3.1\n\tc-2-1.9-4.7-3.1-7.8-3.1C5.4,4.1,0.2,9.3,0.2,15.8s5.2,11.7,11.7,11.7c6.7,0,11.2-4.7,11.2-11.4c0-0.8-0.1-1.4-0.2-1.9L11.9,14.1\n\tL11.9,14.1z\"\/>\n<path d=\"M32,14.3h-2.3V12h-2.3v2.3H25v2.3h2.3V19h2.3v-2.3H32V14.3z\"\/>\n<\/svg>\n<\/span><span class=\"ui-socialbar-svg-hover ui-socialbar-color-bg\"><?xml version=\"1.0\" encoding=\"utf-8\"?>\n<!-- Generator: Adobe Illustrator 21.1.0, SVG Export Plug-In . SVG Version: 6.00 Build 0)  -->\n<svg version=\"1.1\" id=\"Layer_1\" xmlns=\"http:\/\/www.w3.org\/2000\/svg\" xmlns:xlink=\"http:\/\/www.w3.org\/1999\/xlink\" x=\"0px\" y=\"0px\"\n\t viewBox=\"0 0 32 32\" style=\"enable-background:new 0 0 32 32;\" xml:space=\"preserve\">\n<path d=\"M11.9,14.1v4h6.6c-0.3,1.7-2,5-6.6,5c-4,0-7.2-3.3-7.2-7.4s3.3-7.4,7.2-7.4c2.3,0,3.8,1,4.7,1.8l3.2-3.1\n\tc-2-1.9-4.7-3.1-7.8-3.1C5.4,4.1,0.2,9.3,0.2,15.8s5.2,11.7,11.7,11.7c6.7,0,11.2-4.7,11.2-11.4c0-0.8-0.1-1.4-0.2-1.9L11.9,14.1\n\tL11.9,14.1z\"\/>\n<path d=\"M32,14.3h-2.3V12h-2.3v2.3H25v2.3h2.3V19h2.3v-2.3H32V14.3z\"\/>\n<\/svg>\n<\/span><\/a><\/li><li class=\"linkedin radius-circle ui-socialbar-item ui--animation\" data-fx=\"fx--caption-bottom\"><a href=\"\" class=\"ui-socialbar-image radius-circle\" target=\"_blank\" title=\"Linkedin\" rel=\"nofollow\"><span class=\"ui-socialbar-svg \"><svg version=\"1.1\" xmlns=\"http:\/\/www.w3.org\/2000\/svg\" width=\"32\" height=\"32\" viewBox=\"0 0 32 32\">\n\t<path d=\"M12 12h5.535v2.837h0.079c0.77-1.381 2.655-2.837 5.464-2.837 5.842 0 6.922 3.637 6.922 8.367v9.633h-5.769v-8.54c0-2.037-0.042-4.657-3.001-4.657-3.005 0-3.463 2.218-3.463 4.509v8.688h-5.767v-18z\"><\/path>\n\t<path d=\"M2 12h6v18h-6v-18z\"><\/path>\n\t<path d=\"M8 7c0 1.657-1.343 3-3 3s-3-1.343-3-3c0-1.657 1.343-3 3-3s3 1.343 3 3z\"><\/path>\n<\/svg>\n<\/span><span class=\"ui-socialbar-svg-hover ui-socialbar-color-bg\"><svg version=\"1.1\" xmlns=\"http:\/\/www.w3.org\/2000\/svg\" width=\"32\" height=\"32\" viewBox=\"0 0 32 32\">\n\t<path d=\"M12 12h5.535v2.837h0.079c0.77-1.381 2.655-2.837 5.464-2.837 5.842 0 6.922 3.637 6.922 8.367v9.633h-5.769v-8.54c0-2.037-0.042-4.657-3.001-4.657-3.005 0-3.463 2.218-3.463 4.509v8.688h-5.767v-18z\"><\/path>\n\t<path d=\"M2 12h6v18h-6v-18z\"><\/path>\n\t<path d=\"M8 7c0 1.657-1.343 3-3 3s-3-1.343-3-3c0-1.657 1.343-3 3-3s3 1.343 3 3z\"><\/path>\n<\/svg>\n<\/span><\/a><\/li><li class=\"facebook radius-circle ui-socialbar-item ui--animation\" data-fx=\"fx--caption-bottom\"><a href=\"\" class=\"ui-socialbar-image radius-circle\" target=\"_blank\" title=\"Facebook\" rel=\"nofollow\"><span class=\"ui-socialbar-svg \"><svg version=\"1.1\" xmlns=\"http:\/\/www.w3.org\/2000\/svg\" width=\"32\" height=\"32\" viewBox=\"0 0 32 32\">\n\t<path d=\"M19 6h5v-6h-5c-3.86 0-7 3.14-7 7v3h-4v6h4v16h6v-16h5l1-6h-6v-3c0-0.542 0.458-1 1-1z\"><\/path>\n<\/svg>\n<\/span><span class=\"ui-socialbar-svg-hover ui-socialbar-color-bg\"><svg version=\"1.1\" xmlns=\"http:\/\/www.w3.org\/2000\/svg\" width=\"32\" height=\"32\" viewBox=\"0 0 32 32\">\n\t<path d=\"M19 6h5v-6h-5c-3.86 0-7 3.14-7 7v3h-4v6h4v16h6v-16h5l1-6h-6v-3c0-0.542 0.458-1 1-1z\"><\/path>\n<\/svg>\n<\/span><\/a><\/li><li class=\"facebook radius-circle ui-socialbar-item ui--animation\" data-fx=\"fx--caption-bottom\"><a href=\"\" class=\"ui-socialbar-image radius-circle\" target=\"_blank\" title=\"Facebook\" rel=\"nofollow\"><span class=\"ui-socialbar-svg \"><svg version=\"1.1\" xmlns=\"http:\/\/www.w3.org\/2000\/svg\" width=\"32\" height=\"32\" viewBox=\"0 0 32 32\">\n\t<path d=\"M19 6h5v-6h-5c-3.86 0-7 3.14-7 7v3h-4v6h4v16h6v-16h5l1-6h-6v-3c0-0.542 0.458-1 1-1z\"><\/path>\n<\/svg>\n<\/span><span class=\"ui-socialbar-svg-hover ui-socialbar-color-bg\"><svg version=\"1.1\" xmlns=\"http:\/\/www.w3.org\/2000\/svg\" width=\"32\" height=\"32\" viewBox=\"0 0 32 32\">\n\t<path d=\"M19 6h5v-6h-5c-3.86 0-7 3.14-7 7v3h-4v6h4v16h6v-16h5l1-6h-6v-3c0-0.542 0.458-1 1-1z\"><\/path>\n<\/svg>\n<\/span><\/a><\/li><li class=\"rss radius-circle ui-socialbar-item ui--animation\" data-fx=\"fx--caption-bottom\"><a href=\"https:\/\/www.barutcuoglugrup.com\/index.php\/feed\/\" class=\"ui-socialbar-image radius-circle\" target=\"_self\" title=\"Rss\" rel=\"nofollow\"><span class=\"ui-socialbar-svg \"><svg version=\"1.1\" xmlns=\"http:\/\/www.w3.org\/2000\/svg\" width=\"32\" height=\"32\" viewBox=\"0 0 32 32\">\n\t<path d=\"M4.993 23c-2.203 0-3.993 1.797-3.993 3.987 0 2.202 1.79 3.979 3.993 3.979 2.211 0 3.999-1.777 3.999-3.979-0-2.19-1.788-3.987-3.999-3.987zM1.005 11.193v5.75c3.744 0 7.264 1.464 9.916 4.117 2.648 2.646 4.11 6.183 4.11 9.94h5.775c-0-10.922-8.885-19.807-19.801-19.807zM1.011 1v5.753c13.353 0 24.221 10.879 24.221 24.247h5.767c0-16.537-13.455-30-29.989-30z\"><\/path>\n<\/svg>\n<\/span><span class=\"ui-socialbar-svg-hover ui-socialbar-color-bg\"><svg version=\"1.1\" xmlns=\"http:\/\/www.w3.org\/2000\/svg\" width=\"32\" height=\"32\" viewBox=\"0 0 32 32\">\n\t<path d=\"M4.993 23c-2.203 0-3.993 1.797-3.993 3.987 0 2.202 1.79 3.979 3.993 3.979 2.211 0 3.999-1.777 3.999-3.979-0-2.19-1.788-3.987-3.999-3.987zM1.005 11.193v5.75c3.744 0 7.264 1.464 9.916 4.117 2.648 2.646 4.11 6.183 4.11 9.94h5.775c-0-10.922-8.885-19.807-19.801-19.807zM1.011 1v5.753c13.353 0 24.221 10.879 24.221 24.247h5.767c0-16.537-13.455-30-29.989-30z\"><\/path>\n<\/svg>\n<\/span><\/a><\/li><\/ul><\/div><\/div><\/div> \n\n<\/div> \n<\/div><\/div><\/div><!-- \/.fullwidth-container -->","protected":false},"excerpt":{"rendered":"<p>\u0130n\u015faat Marina Al\u0131\u015fveri\u015f Merkezi Barut\u00e7uo\u011flu Grup1987 y\u0131l\u0131nda U\u011fur Barut ve Dilaver Barut taraf\u0131ndan kurulan firmam\u0131z , ticaret hayat\u0131na in\u015faat yat\u0131r\u0131mlar\u0131 ve m\u00fcteahhitlik hizmetleri ile ba\u015flam\u0131\u015ft\u0131r. Geride kalan 29 sene i\u00e7inde firmam\u0131z i\u015f alanlar\u0131n\u0131 ve i\u015f hacmini geni\u015fleterek b\u00fcy\u00fcmesini s\u00fcrd\u00fcrm\u00fc\u015ft\u00fcr. \u015eirketlerimiz in\u015faat alan\u0131nda, kamu projeleri ve \u00f6zel projeleri taahh\u00fct hizmetleri ile birlikte hizmete sunmu\u015ftur. \u0130n\u015faat \u015firketlerimiz [&hellip;]<\/p>\n","protected":false},"author":1,"featured_media":0,"parent":0,"menu_order":0,"comment_status":"open","ping_status":"closed","template":"","meta":[],"_links":{"self":[{"href":"https:\/\/www.barutcuoglugrup.com\/index.php\/wp-json\/wp\/v2\/pages\/702"}],"collection":[{"href":"https:\/\/www.barutcuoglugrup.com\/index.php\/wp-json\/wp\/v2\/pages"}],"about":[{"href":"https:\/\/www.barutcuoglugrup.com\/index.php\/wp-json\/wp\/v2\/types\/page"}],"author":[{"embeddable":true,"href":"https:\/\/www.barutcuoglugrup.com\/index.php\/wp-json\/wp\/v2\/users\/1"}],"replies":[{"embeddable":true,"href":"https:\/\/www.barutcuoglugrup.com\/index.php\/wp-json\/wp\/v2\/comments?post=702"}],"version-history":[{"count":1,"href":"https:\/\/www.barutcuoglugrup.com\/index.php\/wp-json\/wp\/v2\/pages\/702\/revisions"}],"predecessor-version":[{"id":1687,"href":"https:\/\/www.barutcuoglugrup.com\/index.php\/wp-json\/wp\/v2\/pages\/702\/revisions\/1687"}],"wp:attachment":[{"href":"https:\/\/www.barutcuoglugrup.com\/index.php\/wp-json\/wp\/v2\/media?parent=702"}],"curies":[{"name":"wp","href":"https:\/\/api.w.org\/{rel}","templated":true}]}}